{"id":3803,"date":"2018-02-23T14:05:41","date_gmt":"2018-02-23T13:05:41","guid":{"rendered":"https:\/\/www.talencia.be\/client\/contract-solutions\/"},"modified":"2018-11-29T23:15:28","modified_gmt":"2018-11-29T22:15:28","slug":"solution-temporaire","status":"publish","type":"page","link":"https:\/\/www.talencia.be\/fr\/client\/solution-temporaire\/","title":{"rendered":"Solution Temporaire"},"content":{"rendered":"[vc_row][vc_column]<div class=\"vcex-module vcex-heading wpex-text-2xl wpex-font-normal wpex-m-auto wpex-max-w-100 vcex-heading-plain wpex-block wpex-text-center vc_custom_1543528474877\"><span class=\"vcex-heading-inner wpex-inline-block wpex-clr\">Solution Temporaire \u2013 Notre m\u00e9thodolgie<\/span><\/div><div class=\"vcex-module vcex-divider vcex-divider-solid wpex-max-w-100 wpex-mx-auto wpex-block wpex-h-0 wpex-border-b wpex-border-solid wpex-border-gray-200\" style=\"width:10%;border-bottom-width:3px;border-color:#00aeef;\"><\/div>[\/vc_column][\/vc_row][vc_row 0=\u00a0\u00bb\u00a0\u00bb css=\u00a0\u00bb.vc_custom_1489890931583{padding-top: 20px !important;padding-bottom: 20px !important;}\u00a0\u00bb][vc_column width=\u00a0\u00bb2\/3&Prime;]<div class=\"vcex-spacing wpex-w-100 wpex-clear\" style=\"height:30px\"><\/div><div class=\"vcex-module vcex-bullets custom-icon\">\n<ul>\n<li style=\"list-style-type: none\"><\/div><\/div><\/li>\n<li><div class=\"vcex-bullets-ci-wrap wpex-flex\"><span class=\"vcex-icon-wrap wpex-mr-10\"><span class=\"vcex-icon fa fa-info-circle\" style=\"color:#00aeef\" aria-hidden=\"true\"><\/span><\/span><div class=\"vcex-content wpex-flex-grow\">Votre Business Solution Consultant chez Talencia vous aide \u00e0 mieux d\u00e9finir vos besoins pour une mission bien pr\u00e9cise.<\/div><\/div><\/li>\n<li style=\"list-style-type: none\"><\/div><\/div><\/li>\n<li><div class=\"vcex-bullets-ci-wrap wpex-flex\"><span class=\"vcex-icon-wrap wpex-mr-10\"><span class=\"vcex-icon fa fa-info-circle\" style=\"color:#00aeef\" aria-hidden=\"true\"><\/span><\/span><div class=\"vcex-content wpex-flex-grow\">Votre Business Solution Consultant recherche et identifie un candidat comp\u00e9tent, motiv\u00e9 et disponible.<\/div><\/div><\/li>\n<li><div class=\"vcex-bullets-ci-wrap wpex-flex\"><span class=\"vcex-icon-wrap wpex-mr-10\"><span class=\"vcex-icon fa fa-info-circle\" style=\"color:#00aeef\" aria-hidden=\"true\"><\/span><\/span><div class=\"vcex-content wpex-flex-grow\">Votre Business Solution Consultant vous pr\u00e9sente le candidat s\u00e9lectionn\u00e9 et, avec votre approbation, ce premier commence la mission.<\/div><\/div><\/li>\n<li><div class=\"vcex-bullets-ci-wrap wpex-flex\"><span class=\"vcex-icon-wrap wpex-mr-10\"><span class=\"vcex-icon fa fa-info-circle\" style=\"color:#00aeef\" aria-hidden=\"true\"><\/span><\/span><div class=\"vcex-content wpex-flex-grow\">Durant la mission, votre Business Solution Consultant \u00e9value p\u00e9riodiquement votre satisfaction.<\/div><\/div><\/li>\n<li><div class=\"vcex-bullets-ci-wrap wpex-flex\"><span class=\"vcex-icon-wrap wpex-mr-10\"><span class=\"vcex-icon fa fa-info-circle\" style=\"color:#00aeef\" aria-hidden=\"true\"><\/span><\/span><div class=\"vcex-content wpex-flex-grow\">Talencia vous facture les prestations du Talent mensuellement.<\/div><\/div><\/li>\n<li><div class=\"vcex-bullets-ci-wrap wpex-flex\"><span class=\"vcex-icon-wrap wpex-mr-10\"><span class=\"vcex-icon fa fa-info-circle\" style=\"color:#00aeef\" aria-hidden=\"true\"><\/span><\/span><div class=\"vcex-content wpex-flex-grow\">\u00a0A la fin de la mission, votre Business Solution Consultant r\u00e9alise une \u00e9valuation globale de la solution qui vous a \u00e9t\u00e9 apport\u00e9e.<\/div><\/div><\/li>\n<\/ul>\n<p>Sur demande, nous pouvons vous fournir des r\u00e9f\u00e9rences.<\/p>\n<p><strong>Nous vous offrons notre soutien dans les disciplines suivantes : <\/strong><\/p>\n<ul>\n<li><div class=\"vcex-bullets-ci-wrap wpex-flex\"><span class=\"vcex-icon-wrap wpex-mr-10\"><span class=\"vcex-icon fa fa-info-circle\" style=\"color:#00aeef\" aria-hidden=\"true\"><\/span><\/span><div class=\"vcex-content wpex-flex-grow\">Infrastructure: Support Engineer, System Administrator, System Engineer, Solution Architect, Infrastructure Architect;<\/div><\/div><\/li>\n<li><div class=\"vcex-bullets-ci-wrap wpex-flex\"><span class=\"vcex-icon-wrap wpex-mr-10\"><span class=\"vcex-icon fa fa-info-circle\" style=\"color:#00aeef\" aria-hidden=\"true\"><\/span><\/span><div class=\"vcex-content wpex-flex-grow\">Development: Analyst Developers, Technical Analyst, Testers, Software Architect, Functional and\/or Business Analyst;<\/div><\/div><\/li>\n<li><div class=\"vcex-bullets-ci-wrap wpex-flex\"><span class=\"vcex-icon-wrap wpex-mr-10\"><span class=\"vcex-icon fa fa-info-circle\" style=\"color:#00aeef\" aria-hidden=\"true\"><\/span><\/span><div class=\"vcex-content wpex-flex-grow\">BI and Datawarehouse consultant;<\/div><\/div><\/li>\n<li><div class=\"vcex-bullets-ci-wrap wpex-flex\"><span class=\"vcex-icon-wrap wpex-mr-10\"><span class=\"vcex-icon fa fa-info-circle\" style=\"color:#00aeef\" aria-hidden=\"true\"><\/span><\/span><div class=\"vcex-content wpex-flex-grow\">ERP: SAP consultant;<\/div><\/div><\/li>\n<li><div class=\"vcex-bullets-ci-wrap wpex-flex\"><span class=\"vcex-icon-wrap wpex-mr-10\"><span class=\"vcex-icon fa fa-info-circle\" style=\"color:#00aeef\" aria-hidden=\"true\"><\/span><\/span><div class=\"vcex-content wpex-flex-grow\">Management: IT Director, Change Manager, Release Manager, Service Delivery Manager, Project Manager.<\/div><\/div><\/li>\n<\/ul>\n<\/div>[vc_single_image image=\u00a0\u00bb3093&Prime; img_size=\u00a0\u00bblarge\u00a0\u00bb]<div class=\"vcex-spacing wpex-w-100 wpex-clear\" style=\"height:30px\"><\/div><div class=\"textcenter theme-button-block-wrap wpex-block wpex-clear theme-button-wrap wpex-clr\"><a href=\"https:\/\/www.talencia.be\/fr\/contact\/\" title=\"CONTACTEZ-NOUS\" class=\"vcex-button theme-button graphical small align-center block\" style=\"padding:10px;border-radius:2px;\"><span class=\"theme-button-inner\">CONTACTEZ-NOUS<\/span><\/a><\/div> [\/vc_column][vc_column width=\u00a0\u00bb1\/3&Prime; css=\u00a0\u00bb.vc_custom_1519388889561{border-top-width: 1px !important;border-right-width: 1px !important;border-bottom-width: 1px !important;border-left-width: 1px !important;padding-top: 20px !important;padding-bottom: 20px !important;border-left-color: #f4f4f4 !important;border-left-style: solid !important;border-right-color: #f4f4f4 !important;border-right-style: solid !important;border-top-color: #f4f4f4 !important;border-top-style: solid !important;border-bottom-color: #f4f4f4 !important;border-bottom-style: solid !important;}\u00a0\u00bb]<div class=\"vcex-module vcex-icon-box vcex-icon-box-two wpex-relative wpex-text-center\"><div class=\"vcex-icon-box-symbol wpex-mb-20\"><a href=\"https:\/\/www.talencia.be\/fr\/contact\/\" class=\"wpex-no-underline\"><div class=\"vcex-icon-box-icon wpex-inline-block wpex-child-inherit-color wpex-text-center wpex-leading-none wpex-p-15\" style=\"color:#ffffff;border-radius:50%;background:#00aeef;\"><span class=\"vc-oi vc-oi-mail\" aria-hidden=\"true\"><\/span><\/div><\/a><\/div><div class=\"vcex-icon-box-text\"><a href=\"https:\/\/www.talencia.be\/fr\/contact\/\" class=\"vcex-icon-box-link wpex-no-underline\"><h2 class=\"vcex-icon-box-heading wpex-heading wpex-text-md wpex-mb-10\" style=\"color:#00aeef;\">Visite de consultance gratuite &gt;<\/h2><\/a><\/div><\/div><div class=\"vcex-spacing wpex-w-100 wpex-clear\" style=\"height:20px\"><\/div>[\/vc_column][\/vc_row]\n","protected":false},"excerpt":{"rendered":"<p>[vc_row][vc_column][\/vc_column][\/vc_row][vc_row 0=\u00a0\u00bb\u00a0\u00bb css=\u00a0\u00bb.vc_custom_1489890931583{padding-top: 20px !important;padding-bottom: 20px !important;}\u00a0\u00bb][vc_column width=\u00a0\u00bb2\/3&Prime;][vc_single_image image=\u00a0\u00bb3093&Prime; img_size=\u00a0\u00bblarge\u00a0\u00bb][\/vc_column][vc_column width=\u00a0\u00bb1\/3&Prime; css=\u00a0\u00bb.vc_custom_1519388889561{border-top-width: 1px !important;border-right-width: 1px !important;border-bottom-width: 1px !important;border-left-width: 1px !important;padding-top: 20px !important;padding-bottom: 20px !important;border-left-color: #f4f4f4 !important;border-left-style: solid !important;border-right-color: #f4f4f4 !important;border-right-style: solid !important;border-top-color: #f4f4f4 !important;border-top-style: solid !important;border-bottom-color: #f4f4f4 !important;border-bottom-style: solid !important;}\u00a0\u00bb][\/vc_column][\/vc_row]<\/p>\n","protected":false},"author":1,"featured_media":0,"parent":3797,"menu_order":0,"comment_status":"closed","ping_status":"closed","template":"templates\/no-sidebar.php","meta":{"footnotes":""},"class_list":["post-3803","page","type-page","status-publish","hentry","entry","no-media"],"yoast_head":"<!-- This site is optimized with the Yoast SEO plugin v26.5 - https:\/\/yoast.com\/wordpress\/plugins\/seo\/ -->\n<title>Solution Temporaire - Talencia consulting<\/title>\n<meta name=\"robots\" content=\"index, follow, max-snippet:-1, max-image-preview:large, max-video-preview:-1\" \/>\n<link rel=\"canonical\" href=\"https:\/\/www.talencia.be\/fr\/client\/solution-temporaire\/\" \/>\n<meta property=\"og:locale\" content=\"fr_FR\" \/>\n<meta property=\"og:type\" content=\"article\" \/>\n<meta property=\"og:title\" content=\"Solution Temporaire - Talencia consulting\" \/>\n<meta property=\"og:description\" content=\"[vc_row][vc_column][\/vc_column][\/vc_row][vc_row 0=\u00a0\u00bb\u00a0\u00bb css=\u00a0\u00bb.vc_custom_1489890931583{padding-top: 20px !important;padding-bottom: 20px !important;}\u00a0\u00bb][vc_column width=\u00a0\u00bb2\/3&Prime;][vc_single_image image=\u00a0\u00bb3093&Prime; img_size=\u00a0\u00bblarge\u00a0\u00bb][\/vc_column][vc_column width=\u00a0\u00bb1\/3&Prime; css=\u00a0\u00bb.vc_custom_1519388889561{border-top-width: 1px !important;border-right-width: 1px !important;border-bottom-width: 1px !important;border-left-width: 1px !important;padding-top: 20px !important;padding-bottom: 20px !important;border-left-color: #f4f4f4 !important;border-left-style: solid !important;border-right-color: #f4f4f4 !important;border-right-style: solid !important;border-top-color: #f4f4f4 !important;border-top-style: solid !important;border-bottom-color: #f4f4f4 !important;border-bottom-style: solid !important;}\u00a0\u00bb][\/vc_column][\/vc_row]\" \/>\n<meta property=\"og:url\" content=\"https:\/\/www.talencia.be\/fr\/client\/solution-temporaire\/\" \/>\n<meta property=\"og:site_name\" content=\"Talencia consulting\" \/>\n<meta property=\"article:modified_time\" content=\"2018-11-29T22:15:28+00:00\" \/>\n<meta name=\"twitter:card\" content=\"summary_large_image\" \/>\n<meta name=\"twitter:label1\" content=\"Dur\u00e9e de lecture estim\u00e9e\" \/>\n\t<meta name=\"twitter:data1\" content=\"2 minutes\" \/>\n<script type=\"application\/ld+json\" class=\"yoast-schema-graph\">{\"@context\":\"https:\/\/schema.org\",\"@graph\":[{\"@type\":\"WebPage\",\"@id\":\"https:\/\/www.talencia.be\/fr\/client\/solution-temporaire\/\",\"url\":\"https:\/\/www.talencia.be\/fr\/client\/solution-temporaire\/\",\"name\":\"Solution Temporaire - Talencia consulting\",\"isPartOf\":{\"@id\":\"https:\/\/www.talencia.be\/fr\/#website\"},\"datePublished\":\"2018-02-23T13:05:41+00:00\",\"dateModified\":\"2018-11-29T22:15:28+00:00\",\"breadcrumb\":{\"@id\":\"https:\/\/www.talencia.be\/fr\/client\/solution-temporaire\/#breadcrumb\"},\"inLanguage\":\"fr-FR\",\"potentialAction\":[{\"@type\":\"ReadAction\",\"target\":[\"https:\/\/www.talencia.be\/fr\/client\/solution-temporaire\/\"]}]},{\"@type\":\"BreadcrumbList\",\"@id\":\"https:\/\/www.talencia.be\/fr\/client\/solution-temporaire\/#breadcrumb\",\"itemListElement\":[{\"@type\":\"ListItem\",\"position\":1,\"name\":\"Home\",\"item\":\"https:\/\/www.talencia.be\/fr\/\"},{\"@type\":\"ListItem\",\"position\":2,\"name\":\"Client\",\"item\":\"https:\/\/www.talencia.be\/fr\/client\/\"},{\"@type\":\"ListItem\",\"position\":3,\"name\":\"Solution Temporaire\"}]},{\"@type\":\"WebSite\",\"@id\":\"https:\/\/www.talencia.be\/fr\/#website\",\"url\":\"https:\/\/www.talencia.be\/fr\/\",\"name\":\"Talencia consulting\",\"description\":\"IT Recruitment specialists\",\"publisher\":{\"@id\":\"https:\/\/www.talencia.be\/fr\/#organization\"},\"potentialAction\":[{\"@type\":\"SearchAction\",\"target\":{\"@type\":\"EntryPoint\",\"urlTemplate\":\"https:\/\/www.talencia.be\/fr\/?s={search_term_string}\"},\"query-input\":{\"@type\":\"PropertyValueSpecification\",\"valueRequired\":true,\"valueName\":\"search_term_string\"}}],\"inLanguage\":\"fr-FR\"},{\"@type\":\"Organization\",\"@id\":\"https:\/\/www.talencia.be\/fr\/#organization\",\"name\":\"Talencia consulting\",\"url\":\"https:\/\/www.talencia.be\/fr\/\",\"logo\":{\"@type\":\"ImageObject\",\"inLanguage\":\"fr-FR\",\"@id\":\"https:\/\/www.talencia.be\/fr\/#\/schema\/logo\/image\/\",\"url\":\"https:\/\/www.talencia.be\/wp-content\/uploads\/2017\/12\/talencia-logo.png\",\"contentUrl\":\"https:\/\/www.talencia.be\/wp-content\/uploads\/2017\/12\/talencia-logo.png\",\"width\":245,\"height\":70,\"caption\":\"Talencia consulting\"},\"image\":{\"@id\":\"https:\/\/www.talencia.be\/fr\/#\/schema\/logo\/image\/\"}}]}<\/script>\n<!-- \/ Yoast SEO plugin. -->","yoast_head_json":{"title":"Solution Temporaire - Talencia consulting","robots":{"index":"index","follow":"follow","max-snippet":"max-snippet:-1","max-image-preview":"max-image-preview:large","max-video-preview":"max-video-preview:-1"},"canonical":"https:\/\/www.talencia.be\/fr\/client\/solution-temporaire\/","og_locale":"fr_FR","og_type":"article","og_title":"Solution Temporaire - Talencia consulting","og_description":"[vc_row][vc_column][\/vc_column][\/vc_row][vc_row 0=\u00a0\u00bb\u00a0\u00bb css=\u00a0\u00bb.vc_custom_1489890931583{padding-top: 20px !important;padding-bottom: 20px !important;}\u00a0\u00bb][vc_column width=\u00a0\u00bb2\/3&Prime;][vc_single_image image=\u00a0\u00bb3093&Prime; img_size=\u00a0\u00bblarge\u00a0\u00bb][\/vc_column][vc_column width=\u00a0\u00bb1\/3&Prime; css=\u00a0\u00bb.vc_custom_1519388889561{border-top-width: 1px !important;border-right-width: 1px !important;border-bottom-width: 1px !important;border-left-width: 1px !important;padding-top: 20px !important;padding-bottom: 20px !important;border-left-color: #f4f4f4 !important;border-left-style: solid !important;border-right-color: #f4f4f4 !important;border-right-style: solid !important;border-top-color: #f4f4f4 !important;border-top-style: solid !important;border-bottom-color: #f4f4f4 !important;border-bottom-style: solid !important;}\u00a0\u00bb][\/vc_column][\/vc_row]","og_url":"https:\/\/www.talencia.be\/fr\/client\/solution-temporaire\/","og_site_name":"Talencia consulting","article_modified_time":"2018-11-29T22:15:28+00:00","twitter_card":"summary_large_image","twitter_misc":{"Dur\u00e9e de lecture estim\u00e9e":"2 minutes"},"schema":{"@context":"https:\/\/schema.org","@graph":[{"@type":"WebPage","@id":"https:\/\/www.talencia.be\/fr\/client\/solution-temporaire\/","url":"https:\/\/www.talencia.be\/fr\/client\/solution-temporaire\/","name":"Solution Temporaire - Talencia consulting","isPartOf":{"@id":"https:\/\/www.talencia.be\/fr\/#website"},"datePublished":"2018-02-23T13:05:41+00:00","dateModified":"2018-11-29T22:15:28+00:00","breadcrumb":{"@id":"https:\/\/www.talencia.be\/fr\/client\/solution-temporaire\/#breadcrumb"},"inLanguage":"fr-FR","potentialAction":[{"@type":"ReadAction","target":["https:\/\/www.talencia.be\/fr\/client\/solution-temporaire\/"]}]},{"@type":"BreadcrumbList","@id":"https:\/\/www.talencia.be\/fr\/client\/solution-temporaire\/#breadcrumb","itemListElement":[{"@type":"ListItem","position":1,"name":"Home","item":"https:\/\/www.talencia.be\/fr\/"},{"@type":"ListItem","position":2,"name":"Client","item":"https:\/\/www.talencia.be\/fr\/client\/"},{"@type":"ListItem","position":3,"name":"Solution Temporaire"}]},{"@type":"WebSite","@id":"https:\/\/www.talencia.be\/fr\/#website","url":"https:\/\/www.talencia.be\/fr\/","name":"Talencia consulting","description":"IT Recruitment specialists","publisher":{"@id":"https:\/\/www.talencia.be\/fr\/#organization"},"potentialAction":[{"@type":"SearchAction","target":{"@type":"EntryPoint","urlTemplate":"https:\/\/www.talencia.be\/fr\/?s={search_term_string}"},"query-input":{"@type":"PropertyValueSpecification","valueRequired":true,"valueName":"search_term_string"}}],"inLanguage":"fr-FR"},{"@type":"Organization","@id":"https:\/\/www.talencia.be\/fr\/#organization","name":"Talencia consulting","url":"https:\/\/www.talencia.be\/fr\/","logo":{"@type":"ImageObject","inLanguage":"fr-FR","@id":"https:\/\/www.talencia.be\/fr\/#\/schema\/logo\/image\/","url":"https:\/\/www.talencia.be\/wp-content\/uploads\/2017\/12\/talencia-logo.png","contentUrl":"https:\/\/www.talencia.be\/wp-content\/uploads\/2017\/12\/talencia-logo.png","width":245,"height":70,"caption":"Talencia consulting"},"image":{"@id":"https:\/\/www.talencia.be\/fr\/#\/schema\/logo\/image\/"}}]}},"_links":{"self":[{"href":"https:\/\/www.talencia.be\/fr\/wp-json\/wp\/v2\/pages\/3803","targetHints":{"allow":["GET"]}}],"collection":[{"href":"https:\/\/www.talencia.be\/fr\/wp-json\/wp\/v2\/pages"}],"about":[{"href":"https:\/\/www.talencia.be\/fr\/wp-json\/wp\/v2\/types\/page"}],"author":[{"embeddable":true,"href":"https:\/\/www.talencia.be\/fr\/wp-json\/wp\/v2\/users\/1"}],"replies":[{"embeddable":true,"href":"https:\/\/www.talencia.be\/fr\/wp-json\/wp\/v2\/comments?post=3803"}],"version-history":[{"count":2,"href":"https:\/\/www.talencia.be\/fr\/wp-json\/wp\/v2\/pages\/3803\/revisions"}],"predecessor-version":[{"id":3813,"href":"https:\/\/www.talencia.be\/fr\/wp-json\/wp\/v2\/pages\/3803\/revisions\/3813"}],"up":[{"embeddable":true,"href":"https:\/\/www.talencia.be\/fr\/wp-json\/wp\/v2\/pages\/3797"}],"wp:attachment":[{"href":"https:\/\/www.talencia.be\/fr\/wp-json\/wp\/v2\/media?parent=3803"}],"curies":[{"name":"wp","href":"https:\/\/api.w.org\/{rel}","templated":true}]}}