{"id":3811,"date":"2018-02-23T14:14:40","date_gmt":"2018-02-23T13:14:40","guid":{"rendered":"https:\/\/www.talencia.be\/client\/permanent-solutions\/"},"modified":"2018-11-29T23:17:45","modified_gmt":"2018-11-29T22:17:45","slug":"permanent-solutions","status":"publish","type":"page","link":"https:\/\/www.talencia.be\/fr\/client\/permanent-solutions\/","title":{"rendered":"Solution Permanente"},"content":{"rendered":"[vc_row][vc_column]<div class=\"vcex-module vcex-heading wpex-text-2xl wpex-font-normal wpex-m-auto wpex-max-w-100 vcex-heading-plain wpex-block wpex-text-center vc_custom_1543529352228\"><span class=\"vcex-heading-inner wpex-inline-block wpex-clr\">Solution Permanente \u2013 Notre m\u00e9thodolgie<\/span><\/div><div class=\"vcex-module vcex-divider vcex-divider-solid wpex-max-w-100 wpex-mx-auto wpex-block wpex-h-0 wpex-border-b wpex-border-solid wpex-border-gray-200\" style=\"width:10%;border-bottom-width:3px;border-color:#00aeef;\"><\/div>[\/vc_column][\/vc_row][vc_row 0=\u00a0\u00bb\u00a0\u00bb css=\u00a0\u00bb.vc_custom_1489890931583{padding-top: 20px !important;padding-bottom: 20px !important;}\u00a0\u00bb][vc_column width=\u00a0\u00bb2\/3&Prime;]<div class=\"vcex-spacing wpex-w-100 wpex-clear\" style=\"height:30px\"><\/div><div class=\"vcex-module vcex-bullets custom-icon\">\n<ul>\n<li><div class=\"vcex-bullets-ci-wrap wpex-flex\"><span class=\"vcex-icon-wrap wpex-mr-10\"><span class=\"vcex-icon fa fa-info-circle\" style=\"color:#00aeef\" aria-hidden=\"true\"><\/span><\/span><div class=\"vcex-content wpex-flex-grow\">Votre Business Solution Consultant chez Talencia vous aide \u00e0 mieux d\u00e9finir vos besoins pour une mission bien pr\u00e9cise.<\/div><\/div><\/li>\n<li><div class=\"vcex-bullets-ci-wrap wpex-flex\"><span class=\"vcex-icon-wrap wpex-mr-10\"><span class=\"vcex-icon fa fa-info-circle\" style=\"color:#00aeef\" aria-hidden=\"true\"><\/span><\/span><div class=\"vcex-content wpex-flex-grow\">Votre Business Solution Consultant recherche et identifie les meilleurs candidats en tenant compte du pass\u00e9, des int\u00e9r\u00eats et de la disponibilit\u00e9 de ceux-ci, mais aussi sur base de vos exigences.<\/div><\/div><\/li>\n<li><div class=\"vcex-bullets-ci-wrap wpex-flex\"><span class=\"vcex-icon-wrap wpex-mr-10\"><span class=\"vcex-icon fa fa-info-circle\" style=\"color:#00aeef\" aria-hidden=\"true\"><\/span><\/span><div class=\"vcex-content wpex-flex-grow\">Talencia rencontre chacun de ces candidats pr\u00e9s\u00e9lectionn\u00e9s et affine son estimation quant \u00e0 leur ad\u00e9quation.\u00a0 Chaque interview est pr\u00e9par\u00e9e avec soin en vue notamment de contr\u00f4ler les savoir-\u00eatre et de mieux cerner la personnalit\u00e9.<\/div><\/div><\/li>\n<li><div class=\"vcex-bullets-ci-wrap wpex-flex\"><span class=\"vcex-icon-wrap wpex-mr-10\"><span class=\"vcex-icon fa fa-info-circle\" style=\"color:#00aeef\" aria-hidden=\"true\"><\/span><\/span><div class=\"vcex-content wpex-flex-grow\">Talencia vous envoie un rapport d\u00e9taill\u00e9 sur le parcours, les forces et faiblesses, la motivation de chaque candidat interview\u00e9, ainsi qu\u2019un compte-rendu des prises de contact avec des personnes de r\u00e9f\u00e9rence qui ont supervis\u00e9 le candidat rencontr\u00e9.<\/div><\/div><\/li>\n<li><div class=\"vcex-bullets-ci-wrap wpex-flex\"><span class=\"vcex-icon-wrap wpex-mr-10\"><span class=\"vcex-icon fa fa-info-circle\" style=\"color:#00aeef\" aria-hidden=\"true\"><\/span><\/span><div class=\"vcex-content wpex-flex-grow\">Durant toute la proc\u00e9dure et de mani\u00e8re hebdomadaire, votre Business Solution Consultant vous rapporte l\u2019\u00e9volution de ses recherches et la situation g\u00e9n\u00e9rale du march\u00e9 pour la fonction recherch\u00e9e.<\/div><\/div><\/li>\n<li><div class=\"vcex-bullets-ci-wrap wpex-flex\"><span class=\"vcex-icon-wrap wpex-mr-10\"><span class=\"vcex-icon fa fa-info-circle\" style=\"color:#00aeef\" aria-hidden=\"true\"><\/span><\/span><div class=\"vcex-content wpex-flex-grow\">Vous d\u00e9cidez de rencontrer chacun ou seulement certains de ces candidats pr\u00e9s\u00e9lectionn\u00e9s.<\/div><\/div><\/li>\n<li><div class=\"vcex-bullets-ci-wrap wpex-flex\"><span class=\"vcex-icon-wrap wpex-mr-10\"><span class=\"vcex-icon fa fa-info-circle\" style=\"color:#00aeef\" aria-hidden=\"true\"><\/span><\/span><div class=\"vcex-content wpex-flex-grow\">Vous s\u00e9lectionnez le meilleur Talent et vous signez un contrat directement avec lui.<\/div><\/div><\/li>\n<li><div class=\"vcex-bullets-ci-wrap wpex-flex\"><span class=\"vcex-icon-wrap wpex-mr-10\"><span class=\"vcex-icon fa fa-info-circle\" style=\"color:#00aeef\" aria-hidden=\"true\"><\/span><\/span><div class=\"vcex-content wpex-flex-grow\">Talencia vous facture ses frais uniques d\u2019honoraires (soit un montant fixe, soit un pourcentage de la r\u00e9mun\u00e9ration annuelle du Talent engag\u00e9).<\/div><\/div><\/li>\n<li><div class=\"vcex-bullets-ci-wrap wpex-flex\"><span class=\"vcex-icon-wrap wpex-mr-10\"><span class=\"vcex-icon fa fa-info-circle\" style=\"color:#00aeef\" aria-hidden=\"true\"><\/span><\/span><div class=\"vcex-content wpex-flex-grow\">Votre Business Solution Consultant vous contacte p\u00e9riodiquement tout au long de la p\u00e9riode de garantie pour \u00e9valuer votre satisfaction.<\/div><\/div><\/li>\n<\/ul>\n<p>Sur demande, nous pouvons vous fournir des r\u00e9f\u00e9rences.<\/div><div class=\"textcenter theme-button-block-wrap wpex-block wpex-clear theme-button-wrap wpex-clr\"><a href=\"https:\/\/www.talencia.be\/fr\/contact\/\" title=\"CONTACTEZ-NOUS\" class=\"vcex-button theme-button graphical small align-center block\" style=\"padding:10px;border-radius:2px;\"><span class=\"theme-button-inner\">CONTACTEZ-NOUS<\/span><\/a><\/div> [\/vc_column][vc_column width=\u00a0\u00bb1\/3&Prime; css=\u00a0\u00bb.vc_custom_1519388889561{border-top-width: 1px !important;border-right-width: 1px !important;border-bottom-width: 1px !important;border-left-width: 1px !important;padding-top: 20px !important;padding-bottom: 20px !important;border-left-color: #f4f4f4 !important;border-left-style: solid !important;border-right-color: #f4f4f4 !important;border-right-style: solid !important;border-top-color: #f4f4f4 !important;border-top-style: solid !important;border-bottom-color: #f4f4f4 !important;border-bottom-style: solid !important;}\u00a0\u00bb]<div class=\"vcex-module vcex-icon-box vcex-icon-box-two wpex-relative wpex-text-center\"><div class=\"vcex-icon-box-symbol wpex-mb-20\"><a href=\"https:\/\/www.talencia.be\/fr\/contact\/\" class=\"wpex-no-underline\"><div class=\"vcex-icon-box-icon wpex-inline-block wpex-child-inherit-color wpex-text-center wpex-leading-none wpex-p-15\" style=\"color:#ffffff;border-radius:50%;background:#00aeef;\"><span class=\"vc-oi vc-oi-mail\" aria-hidden=\"true\"><\/span><\/div><\/a><\/div><div class=\"vcex-icon-box-text\"><a href=\"https:\/\/www.talencia.be\/fr\/contact\/\" class=\"vcex-icon-box-link wpex-no-underline\"><h2 class=\"vcex-icon-box-heading wpex-heading wpex-text-md wpex-mb-10\" style=\"color:#00aeef;\">Visite de consultance gratuite &gt;<\/h2><\/a><\/div><\/div><div class=\"vcex-spacing wpex-w-100 wpex-clear\" style=\"height:20px\"><\/div>[\/vc_column][\/vc_row]\n","protected":false},"excerpt":{"rendered":"<p>[vc_row][vc_column][\/vc_column][\/vc_row][vc_row 0=\u00a0\u00bb\u00a0\u00bb css=\u00a0\u00bb.vc_custom_1489890931583{padding-top: 20px !important;padding-bottom: 20px !important;}\u00a0\u00bb][vc_column width=\u00a0\u00bb2\/3&Prime;][\/vc_column][vc_column width=\u00a0\u00bb1\/3&Prime; css=\u00a0\u00bb.vc_custom_1519388889561{border-top-width: 1px !important;border-right-width: 1px !important;border-bottom-width: 1px !important;border-left-width: 1px !important;padding-top: 20px !important;padding-bottom: 20px !important;border-left-color: #f4f4f4 !important;border-left-style: solid !important;border-right-color: #f4f4f4 !important;border-right-style: solid !important;border-top-color: #f4f4f4 !important;border-top-style: solid !important;border-bottom-color: #f4f4f4 !important;border-bottom-style: solid !important;}\u00a0\u00bb][\/vc_column][\/vc_row]<\/p>\n","protected":false},"author":1,"featured_media":0,"parent":3797,"menu_order":0,"comment_status":"closed","ping_status":"closed","template":"","meta":{"footnotes":""},"class_list":["post-3811","page","type-page","status-publish","hentry","entry","no-media"],"yoast_head":"<!-- This site is optimized with the Yoast SEO plugin v26.5 - https:\/\/yoast.com\/wordpress\/plugins\/seo\/ -->\n<title>Solution Permanente - Talencia consulting<\/title>\n<meta name=\"robots\" content=\"index, follow, max-snippet:-1, max-image-preview:large, max-video-preview:-1\" \/>\n<link rel=\"canonical\" href=\"https:\/\/www.talencia.be\/fr\/client\/permanent-solutions\/\" \/>\n<meta property=\"og:locale\" content=\"fr_FR\" \/>\n<meta property=\"og:type\" content=\"article\" \/>\n<meta property=\"og:title\" content=\"Solution Permanente - Talencia consulting\" \/>\n<meta property=\"og:description\" content=\"[vc_row][vc_column][\/vc_column][\/vc_row][vc_row 0=\u00a0\u00bb\u00a0\u00bb css=\u00a0\u00bb.vc_custom_1489890931583{padding-top: 20px !important;padding-bottom: 20px !important;}\u00a0\u00bb][vc_column width=\u00a0\u00bb2\/3&Prime;][\/vc_column][vc_column width=\u00a0\u00bb1\/3&Prime; css=\u00a0\u00bb.vc_custom_1519388889561{border-top-width: 1px !important;border-right-width: 1px !important;border-bottom-width: 1px !important;border-left-width: 1px !important;padding-top: 20px !important;padding-bottom: 20px !important;border-left-color: #f4f4f4 !important;border-left-style: solid !important;border-right-color: #f4f4f4 !important;border-right-style: solid !important;border-top-color: #f4f4f4 !important;border-top-style: solid !important;border-bottom-color: #f4f4f4 !important;border-bottom-style: solid !important;}\u00a0\u00bb][\/vc_column][\/vc_row]\" \/>\n<meta property=\"og:url\" content=\"https:\/\/www.talencia.be\/fr\/client\/permanent-solutions\/\" \/>\n<meta property=\"og:site_name\" content=\"Talencia consulting\" \/>\n<meta property=\"article:modified_time\" content=\"2018-11-29T22:17:45+00:00\" \/>\n<meta name=\"twitter:card\" content=\"summary_large_image\" \/>\n<meta name=\"twitter:label1\" content=\"Dur\u00e9e de lecture estim\u00e9e\" \/>\n\t<meta name=\"twitter:data1\" content=\"2 minutes\" \/>\n<script type=\"application\/ld+json\" class=\"yoast-schema-graph\">{\"@context\":\"https:\/\/schema.org\",\"@graph\":[{\"@type\":\"WebPage\",\"@id\":\"https:\/\/www.talencia.be\/fr\/client\/permanent-solutions\/\",\"url\":\"https:\/\/www.talencia.be\/fr\/client\/permanent-solutions\/\",\"name\":\"Solution Permanente - Talencia consulting\",\"isPartOf\":{\"@id\":\"https:\/\/www.talencia.be\/fr\/#website\"},\"datePublished\":\"2018-02-23T13:14:40+00:00\",\"dateModified\":\"2018-11-29T22:17:45+00:00\",\"breadcrumb\":{\"@id\":\"https:\/\/www.talencia.be\/fr\/client\/permanent-solutions\/#breadcrumb\"},\"inLanguage\":\"fr-FR\",\"potentialAction\":[{\"@type\":\"ReadAction\",\"target\":[\"https:\/\/www.talencia.be\/fr\/client\/permanent-solutions\/\"]}]},{\"@type\":\"BreadcrumbList\",\"@id\":\"https:\/\/www.talencia.be\/fr\/client\/permanent-solutions\/#breadcrumb\",\"itemListElement\":[{\"@type\":\"ListItem\",\"position\":1,\"name\":\"Home\",\"item\":\"https:\/\/www.talencia.be\/fr\/\"},{\"@type\":\"ListItem\",\"position\":2,\"name\":\"Client\",\"item\":\"https:\/\/www.talencia.be\/fr\/client\/\"},{\"@type\":\"ListItem\",\"position\":3,\"name\":\"Solution Permanente\"}]},{\"@type\":\"WebSite\",\"@id\":\"https:\/\/www.talencia.be\/fr\/#website\",\"url\":\"https:\/\/www.talencia.be\/fr\/\",\"name\":\"Talencia consulting\",\"description\":\"IT Recruitment specialists\",\"publisher\":{\"@id\":\"https:\/\/www.talencia.be\/fr\/#organization\"},\"potentialAction\":[{\"@type\":\"SearchAction\",\"target\":{\"@type\":\"EntryPoint\",\"urlTemplate\":\"https:\/\/www.talencia.be\/fr\/?s={search_term_string}\"},\"query-input\":{\"@type\":\"PropertyValueSpecification\",\"valueRequired\":true,\"valueName\":\"search_term_string\"}}],\"inLanguage\":\"fr-FR\"},{\"@type\":\"Organization\",\"@id\":\"https:\/\/www.talencia.be\/fr\/#organization\",\"name\":\"Talencia consulting\",\"url\":\"https:\/\/www.talencia.be\/fr\/\",\"logo\":{\"@type\":\"ImageObject\",\"inLanguage\":\"fr-FR\",\"@id\":\"https:\/\/www.talencia.be\/fr\/#\/schema\/logo\/image\/\",\"url\":\"https:\/\/www.talencia.be\/wp-content\/uploads\/2017\/12\/talencia-logo.png\",\"contentUrl\":\"https:\/\/www.talencia.be\/wp-content\/uploads\/2017\/12\/talencia-logo.png\",\"width\":245,\"height\":70,\"caption\":\"Talencia consulting\"},\"image\":{\"@id\":\"https:\/\/www.talencia.be\/fr\/#\/schema\/logo\/image\/\"}}]}<\/script>\n<!-- \/ Yoast SEO plugin. -->","yoast_head_json":{"title":"Solution Permanente - Talencia consulting","robots":{"index":"index","follow":"follow","max-snippet":"max-snippet:-1","max-image-preview":"max-image-preview:large","max-video-preview":"max-video-preview:-1"},"canonical":"https:\/\/www.talencia.be\/fr\/client\/permanent-solutions\/","og_locale":"fr_FR","og_type":"article","og_title":"Solution Permanente - Talencia consulting","og_description":"[vc_row][vc_column][\/vc_column][\/vc_row][vc_row 0=\u00a0\u00bb\u00a0\u00bb css=\u00a0\u00bb.vc_custom_1489890931583{padding-top: 20px !important;padding-bottom: 20px !important;}\u00a0\u00bb][vc_column width=\u00a0\u00bb2\/3&Prime;][\/vc_column][vc_column width=\u00a0\u00bb1\/3&Prime; css=\u00a0\u00bb.vc_custom_1519388889561{border-top-width: 1px !important;border-right-width: 1px !important;border-bottom-width: 1px !important;border-left-width: 1px !important;padding-top: 20px !important;padding-bottom: 20px !important;border-left-color: #f4f4f4 !important;border-left-style: solid !important;border-right-color: #f4f4f4 !important;border-right-style: solid !important;border-top-color: #f4f4f4 !important;border-top-style: solid !important;border-bottom-color: #f4f4f4 !important;border-bottom-style: solid !important;}\u00a0\u00bb][\/vc_column][\/vc_row]","og_url":"https:\/\/www.talencia.be\/fr\/client\/permanent-solutions\/","og_site_name":"Talencia consulting","article_modified_time":"2018-11-29T22:17:45+00:00","twitter_card":"summary_large_image","twitter_misc":{"Dur\u00e9e de lecture estim\u00e9e":"2 minutes"},"schema":{"@context":"https:\/\/schema.org","@graph":[{"@type":"WebPage","@id":"https:\/\/www.talencia.be\/fr\/client\/permanent-solutions\/","url":"https:\/\/www.talencia.be\/fr\/client\/permanent-solutions\/","name":"Solution Permanente - Talencia consulting","isPartOf":{"@id":"https:\/\/www.talencia.be\/fr\/#website"},"datePublished":"2018-02-23T13:14:40+00:00","dateModified":"2018-11-29T22:17:45+00:00","breadcrumb":{"@id":"https:\/\/www.talencia.be\/fr\/client\/permanent-solutions\/#breadcrumb"},"inLanguage":"fr-FR","potentialAction":[{"@type":"ReadAction","target":["https:\/\/www.talencia.be\/fr\/client\/permanent-solutions\/"]}]},{"@type":"BreadcrumbList","@id":"https:\/\/www.talencia.be\/fr\/client\/permanent-solutions\/#breadcrumb","itemListElement":[{"@type":"ListItem","position":1,"name":"Home","item":"https:\/\/www.talencia.be\/fr\/"},{"@type":"ListItem","position":2,"name":"Client","item":"https:\/\/www.talencia.be\/fr\/client\/"},{"@type":"ListItem","position":3,"name":"Solution Permanente"}]},{"@type":"WebSite","@id":"https:\/\/www.talencia.be\/fr\/#website","url":"https:\/\/www.talencia.be\/fr\/","name":"Talencia consulting","description":"IT Recruitment specialists","publisher":{"@id":"https:\/\/www.talencia.be\/fr\/#organization"},"potentialAction":[{"@type":"SearchAction","target":{"@type":"EntryPoint","urlTemplate":"https:\/\/www.talencia.be\/fr\/?s={search_term_string}"},"query-input":{"@type":"PropertyValueSpecification","valueRequired":true,"valueName":"search_term_string"}}],"inLanguage":"fr-FR"},{"@type":"Organization","@id":"https:\/\/www.talencia.be\/fr\/#organization","name":"Talencia consulting","url":"https:\/\/www.talencia.be\/fr\/","logo":{"@type":"ImageObject","inLanguage":"fr-FR","@id":"https:\/\/www.talencia.be\/fr\/#\/schema\/logo\/image\/","url":"https:\/\/www.talencia.be\/wp-content\/uploads\/2017\/12\/talencia-logo.png","contentUrl":"https:\/\/www.talencia.be\/wp-content\/uploads\/2017\/12\/talencia-logo.png","width":245,"height":70,"caption":"Talencia consulting"},"image":{"@id":"https:\/\/www.talencia.be\/fr\/#\/schema\/logo\/image\/"}}]}},"_links":{"self":[{"href":"https:\/\/www.talencia.be\/fr\/wp-json\/wp\/v2\/pages\/3811","targetHints":{"allow":["GET"]}}],"collection":[{"href":"https:\/\/www.talencia.be\/fr\/wp-json\/wp\/v2\/pages"}],"about":[{"href":"https:\/\/www.talencia.be\/fr\/wp-json\/wp\/v2\/types\/page"}],"author":[{"embeddable":true,"href":"https:\/\/www.talencia.be\/fr\/wp-json\/wp\/v2\/users\/1"}],"replies":[{"embeddable":true,"href":"https:\/\/www.talencia.be\/fr\/wp-json\/wp\/v2\/comments?post=3811"}],"version-history":[{"count":2,"href":"https:\/\/www.talencia.be\/fr\/wp-json\/wp\/v2\/pages\/3811\/revisions"}],"predecessor-version":[{"id":3812,"href":"https:\/\/www.talencia.be\/fr\/wp-json\/wp\/v2\/pages\/3811\/revisions\/3812"}],"up":[{"embeddable":true,"href":"https:\/\/www.talencia.be\/fr\/wp-json\/wp\/v2\/pages\/3797"}],"wp:attachment":[{"href":"https:\/\/www.talencia.be\/fr\/wp-json\/wp\/v2\/media?parent=3811"}],"curies":[{"name":"wp","href":"https:\/\/api.w.org\/{rel}","templated":true}]}}