{"id":5425,"date":"2022-05-18T11:34:40","date_gmt":"2022-05-18T09:34:40","guid":{"rendered":"https:\/\/www.talencia.be\/?page_id=5425"},"modified":"2022-05-18T11:35:26","modified_gmt":"2022-05-18T09:35:26","slug":"sitemap","status":"publish","type":"page","link":"https:\/\/www.talencia.be\/fr\/sitemap\/","title":{"rendered":"Sitemap"},"content":{"rendered":"<div class=\"wsp-container\"><h2 class=\"wsp-pages-title\">Pages<\/h2>\n<ul class=\"wsp-pages-list\">\n<li class=\"page_item page-item-3649\"><a href=\"https:\/\/www.talencia.be\/fr\/\">Accueil<\/a><\/li>\n<li class=\"page_item page-item-3797 page_item_has_children\"><a href=\"https:\/\/www.talencia.be\/fr\/client\/\">Client<\/a>\n<ul class='children'>\n\t<li class=\"page_item page-item-3811\"><a href=\"https:\/\/www.talencia.be\/fr\/client\/permanent-solutions\/\">Solution Permanente<\/a><\/li>\n\t<li class=\"page_item page-item-3803\"><a href=\"https:\/\/www.talencia.be\/fr\/client\/solution-temporaire\/\">Solution Temporaire<\/a><\/li>\n\t<li class=\"page_item page-item-3818\"><a href=\"https:\/\/www.talencia.be\/fr\/client\/temp-to-permanent-solutions\/\">Solution Temporaire \u00e0 Permanente<\/a><\/li>\n<\/ul>\n<\/li>\n<li class=\"page_item page-item-3835\"><a href=\"https:\/\/www.talencia.be\/fr\/contact\/\">Contact<\/a><\/li>\n<li class=\"page_item page-item-3840\"><a href=\"https:\/\/www.talencia.be\/fr\/envoyez-nous-votre-cv\/\">Envoyez-nous votre CV<\/a><\/li>\n<li class=\"page_item page-item-3655\"><a href=\"https:\/\/www.talencia.be\/fr\/qui-sommes-nous\/\">Qui sommes-nous<\/a><\/li>\n<li class=\"page_item page-item-5425\"><a href=\"https:\/\/www.talencia.be\/fr\/sitemap\/\">Sitemap<\/a><\/li>\n<li class=\"page_item page-item-3824\"><a href=\"https:\/\/www.talencia.be\/fr\/talent\/\">Talent<\/a><\/li>\n<li class=\"page_item page-item-3941\"><a href=\"https:\/\/www.talencia.be\/fr\/tous-les-jobs\/\">Tous les Jobs<\/a><\/li>\n<\/ul>\n<h2 class=\"wsp-staffs-title\">Staff<\/h2>\n<ul class=\"wsp-staffs-list\">\n<li><a href=\"https:\/\/www.talencia.be\/fr\/staff-member\/nouhaila-ouziatine\/\">Nouhaila Ouziatine<\/a><\/li>\n<li><a href=\"https:\/\/www.talencia.be\/fr\/staff-member\/aya-khoumri\/\">Aya Khoumri<\/a><\/li>\n<li><a href=\"https:\/\/www.talencia.be\/fr\/staff-member\/alexandre-prospero\/\">Alexandre Prospero<\/a><\/li>\n<li><a href=\"https:\/\/www.talencia.be\/fr\/staff-member\/douglas-dam\/\">Douglas Dams<\/a><\/li>\n<li><a href=\"https:\/\/www.talencia.be\/fr\/staff-member\/nissirne-dorhmi\/\">Nissirne Dorhmi<\/a><\/li>\n<li><a href=\"https:\/\/www.talencia.be\/fr\/staff-member\/bavo-verhelpen\/\">Bavo Verhelpen<\/a><\/li>\n<li><a href=\"https:\/\/www.talencia.be\/fr\/staff-member\/mohamed-etalli\/\">Mohamed Etalli<\/a><\/li>\n<li><a href=\"https:\/\/www.talencia.be\/fr\/staff-member\/youssra-chahdi\/\">Youssra Chahdi<\/a><\/li>\n<li><a href=\"https:\/\/www.talencia.be\/fr\/staff-member\/nicolas-dognies\/\">Nicolas Dognies<\/a><\/li>\n<li><a href=\"https:\/\/www.talencia.be\/fr\/staff-member\/heloise-de-radigues\/\">H\u00e9lo\u00efse de Radigu\u00e8s<\/a><\/li>\n<li><a href=\"https:\/\/www.talencia.be\/fr\/staff-member\/jean-baptiste-de-beys\/\">Jean-Baptiste De Beys<\/a><\/li>\n<li><a href=\"https:\/\/www.talencia.be\/fr\/staff-member\/ilias-bellahsini\/\">Ilias Bellahsini<\/a><\/li>\n<li><a href=\"https:\/\/www.talencia.be\/fr\/staff-member\/romain-marliere\/\">Romain Marli\u00e8re<\/a><\/li>\n<li><a href=\"https:\/\/www.talencia.be\/fr\/staff-member\/marieke-tailly\/\">Marieke Tailly<\/a><\/li>\n<li><a href=\"https:\/\/www.talencia.be\/fr\/staff-member\/anna-jevtic\/\">Anna Jevtic<\/a><\/li>\n<li><a href=\"https:\/\/www.talencia.be\/fr\/staff-member\/mathieu-sculier\/\">Mathieu Sculier<\/a><\/li>\n<li><a href=\"https:\/\/www.talencia.be\/fr\/staff-member\/kenn-vander-eijcken\/\">Kenn Vander Eijcken<\/a><\/li>\n<li><a href=\"https:\/\/www.talencia.be\/fr\/staff-member\/allan-galtier\/\">Allan Galtier<\/a><\/li>\n<li><a href=\"https:\/\/www.talencia.be\/fr\/staff-member\/ilyesse-maouan\/\">Ilyesse Maouan<\/a><\/li>\n<\/ul>\n<h2 class=\"wsp-testimonialss-title\">Recommandations<\/h2>\n<ul class=\"wsp-testimonialss-list\">\n<li><a href=\"https:\/\/www.talencia.be\/fr\/testimonials\/testimonial-7\/\">Christophe S<\/a><\/li>\n<li><a href=\"https:\/\/www.talencia.be\/fr\/testimonials\/testimonial-8\/\">Olivier M<\/a><\/li>\n<li><a href=\"https:\/\/www.talencia.be\/fr\/testimonials\/testimonial-5\/\">Christophe S<\/a><\/li>\n<li><a href=\"https:\/\/www.talencia.be\/fr\/testimonials\/testimonial-9\/\">J-Luc De<\/a><\/li>\n<li><a href=\"https:\/\/www.talencia.be\/fr\/testimonials\/testimonial-4\/\">Olivier M<\/a><\/li>\n<li><a href=\"https:\/\/www.talencia.be\/fr\/testimonials\/testimonial-3\/\">Ivo H<\/a><\/li>\n<li><a href=\"https:\/\/www.talencia.be\/fr\/testimonials\/testimonial-6\/\">Mahery R<\/a><\/li>\n<li><a href=\"https:\/\/www.talencia.be\/fr\/testimonials\/testimonial-1\/\">Pascal V<\/a><\/li>\n<\/ul>\n<h2 class=\"wsp-jobposts-title\">Emplois<\/h2>\n<ul class=\"wsp-jobposts-list\">\n<li><a href=\"https:\/\/www.talencia.be\/fr\/jobs\/recruitment-consultant-2\/\">Recruitment Consultant<\/a><\/li>\n<li><a href=\"https:\/\/www.talencia.be\/fr\/jobs\/financial-controller-famous-financial-service-provider\/\">FINANCIAL CONTROLLER \u2013 Famous Financial Service Provider<\/a><\/li>\n<li><a href=\"https:\/\/www.talencia.be\/fr\/jobs\/controleur-de-gestion-dynamic-healthcare-firm\/\">CONTROLEUR DE GESTION \u2013 Dynamic Healthcare Firm<\/a><\/li>\n<li><a href=\"https:\/\/www.talencia.be\/fr\/jobs\/business-controller-renown-event-company\/\">BUSINESS CONTROLLER \u2013 RENOWN EVENT COMPANY<\/a><\/li>\n<li><a href=\"https:\/\/www.talencia.be\/fr\/jobs\/finance-manager-innovative-it-company\/\">FINANCE MANAGER \u2013 Innovative IT Company<\/a><\/li>\n<li><a href=\"https:\/\/www.talencia.be\/fr\/jobs\/business-controller-multi-technical-leader\/\">BUSINESS CONTROLLER \u2013 Multi-technical Leader<\/a><\/li>\n<li><a href=\"https:\/\/www.talencia.be\/fr\/jobs\/consultant-en-recrutement\/\">Consultant en Recrutement<\/a><\/li>\n<li><a href=\"https:\/\/www.talencia.be\/fr\/jobs\/system-engineer-devops-linux\/\">System Engineer Devops\/Linux<\/a><\/li>\n<li><a href=\"https:\/\/www.talencia.be\/fr\/jobs\/helpdesk-l2\/\">Helpdesk L2<\/a><\/li>\n<li><a href=\"https:\/\/www.talencia.be\/fr\/jobs\/test-engineer-embedded-and-mobile-software\/\">Test Engineer embedded and mobile Software<\/a><\/li>\n<li><a href=\"https:\/\/www.talencia.be\/fr\/jobs\/it-security-architect\/\">IT Security Architect<\/a><\/li>\n<li><a href=\"https:\/\/www.talencia.be\/fr\/jobs\/senior-service-desk-agent\/\">Senior Service Desk Agent<\/a><\/li>\n<li><a href=\"https:\/\/www.talencia.be\/fr\/jobs\/junior-java-developer-2\/\">Junior Java Developer<\/a><\/li>\n<li><a href=\"https:\/\/www.talencia.be\/fr\/jobs\/senior-java-fullstack-developer\/\">Senior Java Fullstack Developer<\/a><\/li>\n<li><a href=\"https:\/\/www.talencia.be\/fr\/jobs\/senior-system-engineer-on-linux\/\">Senior System Engineer on Linux<\/a><\/li>\n<li><a href=\"https:\/\/www.talencia.be\/fr\/jobs\/it-access-management-officer\/\">IT Access Management Officer<\/a><\/li>\n<li><a href=\"https:\/\/www.talencia.be\/fr\/jobs\/functional-team-lead-service-desk\/\">Functional Team Lead Service Desk<\/a><\/li>\n<li><a href=\"https:\/\/www.talencia.be\/fr\/jobs\/senior-java-developer-3\/\">Senior Java Developer<\/a><\/li>\n<li><a href=\"https:\/\/www.talencia.be\/fr\/jobs\/agile-coach\/\">Agile Coach<\/a><\/li>\n<li><a href=\"https:\/\/www.talencia.be\/fr\/jobs\/developer-test-engineer\/\">Developer\/Test Engineer<\/a><\/li>\n<li><a href=\"https:\/\/www.talencia.be\/fr\/jobs\/network-engineer\/\">Network Engineer<\/a><\/li>\n<li><a href=\"https:\/\/www.talencia.be\/fr\/jobs\/system-integration-test-engineer\/\">System Integration Test Engineer<\/a><\/li>\n<li><a href=\"https:\/\/www.talencia.be\/fr\/jobs\/senior-angular-net-developer\/\">Senior Angular\/.NET Developer<\/a><\/li>\n<li><a href=\"https:\/\/www.talencia.be\/fr\/jobs\/senior-java-developer-2\/\">Senior Java Developer<\/a><\/li>\n<li><a href=\"https:\/\/www.talencia.be\/fr\/jobs\/senior-system-engineer\/\">Senior System Engineer<\/a><\/li>\n<li><a href=\"https:\/\/www.talencia.be\/fr\/jobs\/recruitment-consultant\/\">Recruitment Consultant<\/a><\/li>\n<li><a href=\"https:\/\/www.talencia.be\/fr\/jobs\/senior-net-back-end-or-fullstack-developer\/\">Senior .NET Back-End or Fullstack Developer<\/a><\/li>\n<li><a href=\"https:\/\/www.talencia.be\/fr\/jobs\/net-front-end-developer\/\">.NET Front-End Developer<\/a><\/li>\n<li><a href=\"https:\/\/www.talencia.be\/fr\/jobs\/capacity-manager\/\">Capacity Manager<\/a><\/li>\n<li><a href=\"https:\/\/www.talencia.be\/fr\/jobs\/devops-engineer\/\">DevOps Engineer<\/a><\/li>\n<li><a href=\"https:\/\/www.talencia.be\/fr\/jobs\/project-manager\/\">Project Manager<\/a><\/li>\n<li><a href=\"https:\/\/www.talencia.be\/fr\/jobs\/enterprise-architect-2\/\">Enterprise Architect<\/a><\/li>\n<li><a href=\"https:\/\/www.talencia.be\/fr\/jobs\/net-software-engineer\/\">.NET Software Engineer<\/a><\/li>\n<li><a href=\"https:\/\/www.talencia.be\/fr\/jobs\/junior-business-solution-consultant\/\">Junior Business Solution Consultant<\/a><\/li>\n<li><a href=\"https:\/\/www.talencia.be\/fr\/jobs\/business-intelligence-analyst\/\">Business Intelligence Analyst<\/a><\/li>\n<li><a href=\"https:\/\/www.talencia.be\/fr\/jobs\/cloud-engineer\/\">Cloud Engineer<\/a><\/li>\n<li><a href=\"https:\/\/www.talencia.be\/fr\/jobs\/cloud-data-engineer\/\">Cloud data engineer<\/a><\/li>\n<li><a href=\"https:\/\/www.talencia.be\/fr\/jobs\/specialist-m365\/\">Specialist M365<\/a><\/li>\n<li><a href=\"https:\/\/www.talencia.be\/fr\/jobs\/technical-project-manager\/\">Technical Project Manager<\/a><\/li>\n<li><a href=\"https:\/\/www.talencia.be\/fr\/jobs\/support-engineer-3\/\">Support Engineer<\/a><\/li>\n<li><a href=\"https:\/\/www.talencia.be\/fr\/jobs\/java-software-engineer\/\">Java software engineer<\/a><\/li>\n<li><a href=\"https:\/\/www.talencia.be\/fr\/jobs\/c-software-developer\/\">C++ software developer<\/a><\/li>\n<li><a href=\"https:\/\/www.talencia.be\/fr\/jobs\/salesforce-analyst-developer\/\">Salesforce Analyst Developer<\/a><\/li>\n<li><a href=\"https:\/\/www.talencia.be\/fr\/jobs\/functional-analyst-mainframe\/\">Functional analyst Mainframe<\/a><\/li>\n<li><a href=\"https:\/\/www.talencia.be\/fr\/jobs\/business-solution-consultant-2\/\">Business Solution Consultant<\/a><\/li>\n<li><a href=\"https:\/\/www.talencia.be\/fr\/jobs\/functional-analyst\/\">Functional analyst<\/a><\/li>\n<li><a href=\"https:\/\/www.talencia.be\/fr\/jobs\/system-administrator-engineer\/\">System Administrator\/Engineer<\/a><\/li>\n<li><a href=\"https:\/\/www.talencia.be\/fr\/jobs\/business-analyst-3\/\">Business Analyst<\/a><\/li>\n<li><a href=\"https:\/\/www.talencia.be\/fr\/jobs\/business-analyst-2\/\">Business Analyst<\/a><\/li>\n<li><a href=\"https:\/\/www.talencia.be\/fr\/jobs\/php-developer\/\">PHP Developer<\/a><\/li>\n<li><a href=\"https:\/\/www.talencia.be\/fr\/jobs\/software-tester\/\">Software Tester<\/a><\/li>\n<li><a href=\"https:\/\/www.talencia.be\/fr\/jobs\/mainframe-cobol-pl-1-analyst-developer\/\">Mainframe Cobol PL\/1 analyst\/developer<\/a><\/li>\n<li><a href=\"https:\/\/www.talencia.be\/fr\/jobs\/office-manager-fr-eng\/\">Office Manager FR -ENG<\/a><\/li>\n<li><a href=\"https:\/\/www.talencia.be\/fr\/jobs\/data-architect\/\">Data Architect<\/a><\/li>\n<li><a href=\"https:\/\/www.talencia.be\/fr\/jobs\/android-developer-2\/\">Android developer<\/a><\/li>\n<li><a href=\"https:\/\/www.talencia.be\/fr\/jobs\/php-and-javascript-developer\/\">PHP and JavaScript developer<\/a><\/li>\n<li><a href=\"https:\/\/www.talencia.be\/fr\/jobs\/system-engineer-system-admninistrator\/\">System Engineer \/ System Admninistrator<\/a><\/li>\n<li><a href=\"https:\/\/www.talencia.be\/fr\/jobs\/enterprise-architect\/\">Enterprise Architect<\/a><\/li>\n<li><a href=\"https:\/\/www.talencia.be\/fr\/jobs\/it-support-regional-manager\/\">IT Support Regional Manager<\/a><\/li>\n<li><a href=\"https:\/\/www.talencia.be\/fr\/jobs\/it-support-coach-for-mac-user\/\">IT Support Coach for Mac User<\/a><\/li>\n<li><a href=\"https:\/\/www.talencia.be\/fr\/jobs\/product-owner-product-developer\/\">Product Owner - Product Developer<\/a><\/li>\n<li><a href=\"https:\/\/www.talencia.be\/fr\/jobs\/automation-engineer\/\">Automation Engineer<\/a><\/li>\n<li><a href=\"https:\/\/www.talencia.be\/fr\/jobs\/radio-access-network-expert\/\">Radio Access Network Expert<\/a><\/li>\n<li><a href=\"https:\/\/www.talencia.be\/fr\/jobs\/service-desk-agent\/\">Service Desk Agent<\/a><\/li>\n<li><a href=\"https:\/\/www.talencia.be\/fr\/jobs\/product-owner-product-development\/\">Product Owner - Product Development<\/a><\/li>\n<li><a href=\"https:\/\/www.talencia.be\/fr\/jobs\/senior-2-3-line-support-engineer\/\">Senior 2\/3 Line Support Engineer<\/a><\/li>\n<li><a href=\"https:\/\/www.talencia.be\/fr\/jobs\/system-administrator-access-management-officer\/\">System Administrator\/Access Management Officer<\/a><\/li>\n<li><a href=\"https:\/\/www.talencia.be\/fr\/jobs\/1st-and-2nd-line-support-engineer\/\">1st and 2nd line Support Engineer<\/a><\/li>\n<li><a href=\"https:\/\/www.talencia.be\/fr\/jobs\/full-stack-iot-developer\/\">Full-Stack IOT Developer<\/a><\/li>\n<li><a href=\"https:\/\/www.talencia.be\/fr\/jobs\/system-engineer\/\">System Engineer<\/a><\/li>\n<li><a href=\"https:\/\/www.talencia.be\/fr\/jobs\/android-developer\/\">Android Developer<\/a><\/li>\n<li><a href=\"https:\/\/www.talencia.be\/fr\/jobs\/edi-specialist\/\">EDI Specialist<\/a><\/li>\n<li><a href=\"https:\/\/www.talencia.be\/fr\/jobs\/python-developer\/\">Python developer<\/a><\/li>\n<li><a href=\"https:\/\/www.talencia.be\/fr\/jobs\/test-engineer\/\">Test Engineer<\/a><\/li>\n<li><a href=\"https:\/\/www.talencia.be\/fr\/jobs\/business-analyst\/\">Business Analyst<\/a><\/li>\n<li><a href=\"https:\/\/www.talencia.be\/fr\/jobs\/project-manager-ad-migration\/\">Project Manager AD Migration<\/a><\/li>\n<li><a href=\"https:\/\/www.talencia.be\/fr\/jobs\/second-line-support-engineer\/\">Second line support engineer<\/a><\/li>\n<li><a href=\"https:\/\/www.talencia.be\/fr\/jobs\/program-manager\/\">Program Manager<\/a><\/li>\n<li><a href=\"https:\/\/www.talencia.be\/fr\/jobs\/web-developer\/\">Web Developer<\/a><\/li>\n<li><a href=\"https:\/\/www.talencia.be\/fr\/jobs\/solution-architect\/\">Solution Architect<\/a><\/li>\n<li><a href=\"https:\/\/www.talencia.be\/fr\/jobs\/telecom-support-engineer\/\">Telecom Support Engineer<\/a><\/li>\n<li><a href=\"https:\/\/www.talencia.be\/fr\/jobs\/java-developer-2\/\">Java Developer<\/a><\/li>\n<li><a href=\"https:\/\/www.talencia.be\/fr\/jobs\/coach-net-developer\/\">Coach .Net Developer<\/a><\/li>\n<li><a href=\"https:\/\/www.talencia.be\/fr\/jobs\/solution-middleware-architect\/\">Solution &amp; Middleware Architect<\/a><\/li>\n<li><a href=\"https:\/\/www.talencia.be\/fr\/jobs\/support-engineer-2\/\">Support Engineer<\/a><\/li>\n<li><a href=\"https:\/\/www.talencia.be\/fr\/jobs\/support-network-engineer\/\">Support Network Engineer<\/a><\/li>\n<li><a href=\"https:\/\/www.talencia.be\/fr\/jobs\/bi-developer\/\">BI developer<\/a><\/li>\n<li><a href=\"https:\/\/www.talencia.be\/fr\/jobs\/frontend-developer\/\">Frontend Developer<\/a><\/li>\n<li><a href=\"https:\/\/www.talencia.be\/fr\/jobs\/senior-java-developer\/\">Senior Java Developer<\/a><\/li>\n<li><a href=\"https:\/\/www.talencia.be\/fr\/jobs\/support-engineer\/\">Support Engineer<\/a><\/li>\n<li><a href=\"https:\/\/www.talencia.be\/fr\/jobs\/junior-it-helpdesk\/\">Junior IT Helpdesk<\/a><\/li>\n<li><a href=\"https:\/\/www.talencia.be\/fr\/jobs\/net-developer-3\/\">.Net Developer<\/a><\/li>\n<li><a href=\"https:\/\/www.talencia.be\/fr\/jobs\/api-back-end-developer\/\">API &amp; Back-End Developer<\/a><\/li>\n<li><a href=\"https:\/\/www.talencia.be\/fr\/jobs\/functional-analyst-2\/\">Functional Analyst<\/a><\/li>\n<li><a href=\"https:\/\/www.talencia.be\/fr\/jobs\/medium-infrastructure-project-manager\/\">Medium Infrastructure Project Manager<\/a><\/li>\n<li><a href=\"https:\/\/www.talencia.be\/fr\/jobs\/java-developer\/\">Java Developer<\/a><\/li>\n<li><a href=\"https:\/\/www.talencia.be\/fr\/jobs\/net-developer-2-2\/\">.Net Developer<\/a><\/li>\n<li><a href=\"https:\/\/www.talencia.be\/fr\/jobs\/business-solution-consultant\/\">Talencia Consulting - Business Solution Consultant<\/a><\/li>\n<li><a href=\"https:\/\/www.talencia.be\/fr\/jobs\/net_developer_3\/\">.Net Developer<\/a><\/li>\n<li><a href=\"https:\/\/www.talencia.be\/fr\/jobs\/junior-java-developer\/\">Junior Java Developer<\/a><\/li>\n<li><a href=\"https:\/\/www.talencia.be\/fr\/jobs\/net-developer-2\/\">.Net Developer<\/a><\/li>\n<li><a href=\"https:\/\/www.talencia.be\/fr\/jobs\/net-developer\/\">.Net Developer<\/a><\/li>\n<li><a href=\"https:\/\/www.talencia.be\/fr\/jobs\/network-architect\/\">Network Architect<\/a><\/li>\n<li><a href=\"https:\/\/www.talencia.be\/fr\/jobs\/linux-expert\/\">Linux expert<\/a><\/li>\n<\/ul>\n<h2 class=\"wsp-staff_categorys-title\">Cat\u00e9gories de staff<\/h2>\n<ul class=\"wsp-staff_categorys-list\">\n<li><a href=\"https:\/\/www.talencia.be\/fr\/staff-category\/executive\/\">Executive<\/a><\/li>\n<\/ul>\n<h2 class=\"wsp-jobpost_categorys-title\">Cat\u00e9gories emplois<\/h2>\n<ul class=\"wsp-jobpost_categorys-list\">\n<li><a href=\"https:\/\/www.talencia.be\/fr\/job-category\/sales-fr\/account-manager-fr\/\">Account Manager<\/a><\/li>\n<li><a href=\"https:\/\/www.talencia.be\/fr\/job-category\/administration-fr\/\">Administration<\/a><\/li>\n<li><a href=\"https:\/\/www.talencia.be\/fr\/job-category\/finance-fr\/\">Finance<\/a><\/li>\n<li><a href=\"https:\/\/www.talencia.be\/fr\/job-category\/i-t-fr\/\">I.T.<\/a><\/li>\n<li><a href=\"https:\/\/www.talencia.be\/fr\/job-category\/project-management-fr\/\">Project Manager<\/a><\/li>\n<li><a href=\"https:\/\/www.talencia.be\/fr\/job-category\/sales-fr\/recruiter-fr\/\">Recruiter<\/a><\/li>\n<li><a href=\"https:\/\/www.talencia.be\/fr\/job-category\/sales-fr\/\">Sales<\/a><\/li>\n<\/ul>\n<h2 class=\"wsp-jobpost_job_types-title\">Types d&#039;emploi<\/h2>\n<ul class=\"wsp-jobpost_job_types-list\">\n<li><a href=\"https:\/\/www.talencia.be\/fr\/job-type\/contract-fr\/\">Contract<\/a><\/li>\n<li><a href=\"https:\/\/www.talencia.be\/fr\/job-type\/permanent-fr\/\">Permanent<\/a><\/li>\n<li><a href=\"https:\/\/www.talencia.be\/fr\/job-type\/temp-to-permanent-fr\/\">Temp to Permanent<\/a><\/li>\n<\/ul>\n<h2 class=\"wsp-jobpost_locations-title\">Lieux de travail<\/h2>\n<ul class=\"wsp-jobpost_locations-list\">\n<li><a href=\"https:\/\/www.talencia.be\/fr\/job-location\/anvers\/\">Anvers<\/a><\/li>\n<li><a href=\"https:\/\/www.talencia.be\/fr\/job-location\/brabant-flamand\/\">Brabant flamand<\/a><\/li>\n<li><a href=\"https:\/\/www.talencia.be\/fr\/job-location\/brabant-wallon-fr\/\">Brabant wallon<\/a><\/li>\n<li><a href=\"https:\/\/www.talencia.be\/fr\/job-location\/brussels-fr\/\">Bruxelles<\/a><\/li>\n<li><a href=\"https:\/\/www.talencia.be\/fr\/job-location\/etranger\/\">Etranger<\/a><\/li>\n<li><a href=\"https:\/\/www.talencia.be\/fr\/job-location\/flemish-region-fr\/\">Flemish Region<\/a><\/li>\n<li><a href=\"https:\/\/www.talencia.be\/fr\/job-location\/hainaut-fr\/\">Hainaut<\/a><\/li>\n<li><a href=\"https:\/\/www.talencia.be\/fr\/job-location\/liege-fr\/\">Li\u00e8ge<\/a><\/li>\n<li><a href=\"https:\/\/www.talencia.be\/fr\/job-location\/namur-fr\/\">Namur<\/a><\/li>\n<li><a href=\"https:\/\/www.talencia.be\/fr\/job-location\/walloon-region-fr\/\">Walloon Region<\/a><\/li>\n<\/ul>\n<\/div>\n","protected":false},"excerpt":{"rendered":"Pages Accueil Client Solution Permanente Solution Temporaire Solution Temporaire \u00e0 Permanente Contact Envoyez-nous votre CV Qui sommes-nous Sitemap Talent Tous les Jobs Staff Nouhaila Ouziatine Aya Khoumri Alexandre Prospero Douglas Dams Nissirne Dorhmi Bavo Verhelpen Mohamed Etalli Youssra Chahdi Nicolas&hellip;","protected":false},"author":4,"featured_media":0,"parent":0,"menu_order":0,"comment_status":"closed","ping_status":"closed","template":"","meta":{"footnotes":""},"class_list":["post-5425","page","type-page","status-publish","hentry","entry","no-media"],"yoast_head":"<!-- This site is optimized with the Yoast SEO plugin v26.5 - https:\/\/yoast.com\/wordpress\/plugins\/seo\/ -->\n<title>Sitemap - Talencia consulting<\/title>\n<meta name=\"robots\" content=\"index, follow, max-snippet:-1, max-image-preview:large, max-video-preview:-1\" \/>\n<link rel=\"canonical\" href=\"https:\/\/www.talencia.be\/fr\/sitemap\/\" \/>\n<meta property=\"og:locale\" content=\"fr_FR\" \/>\n<meta property=\"og:type\" content=\"article\" \/>\n<meta property=\"og:title\" content=\"Sitemap - Talencia consulting\" \/>\n<meta property=\"og:url\" content=\"https:\/\/www.talencia.be\/fr\/sitemap\/\" \/>\n<meta property=\"og:site_name\" content=\"Talencia consulting\" \/>\n<meta property=\"article:modified_time\" content=\"2022-05-18T09:35:26+00:00\" \/>\n<meta name=\"twitter:card\" content=\"summary_large_image\" \/>\n<script type=\"application\/ld+json\" class=\"yoast-schema-graph\">{\"@context\":\"https:\/\/schema.org\",\"@graph\":[{\"@type\":\"WebPage\",\"@id\":\"https:\/\/www.talencia.be\/fr\/sitemap\/\",\"url\":\"https:\/\/www.talencia.be\/fr\/sitemap\/\",\"name\":\"Sitemap - Talencia consulting\",\"isPartOf\":{\"@id\":\"https:\/\/www.talencia.be\/fr\/#website\"},\"datePublished\":\"2022-05-18T09:34:40+00:00\",\"dateModified\":\"2022-05-18T09:35:26+00:00\",\"breadcrumb\":{\"@id\":\"https:\/\/www.talencia.be\/fr\/sitemap\/#breadcrumb\"},\"inLanguage\":\"fr-FR\",\"potentialAction\":[{\"@type\":\"ReadAction\",\"target\":[\"https:\/\/www.talencia.be\/fr\/sitemap\/\"]}]},{\"@type\":\"BreadcrumbList\",\"@id\":\"https:\/\/www.talencia.be\/fr\/sitemap\/#breadcrumb\",\"itemListElement\":[{\"@type\":\"ListItem\",\"position\":1,\"name\":\"Home\",\"item\":\"https:\/\/www.talencia.be\/fr\/\"},{\"@type\":\"ListItem\",\"position\":2,\"name\":\"Sitemap\"}]},{\"@type\":\"WebSite\",\"@id\":\"https:\/\/www.talencia.be\/fr\/#website\",\"url\":\"https:\/\/www.talencia.be\/fr\/\",\"name\":\"Talencia consulting\",\"description\":\"IT Recruitment specialists\",\"publisher\":{\"@id\":\"https:\/\/www.talencia.be\/fr\/#organization\"},\"potentialAction\":[{\"@type\":\"SearchAction\",\"target\":{\"@type\":\"EntryPoint\",\"urlTemplate\":\"https:\/\/www.talencia.be\/fr\/?s={search_term_string}\"},\"query-input\":{\"@type\":\"PropertyValueSpecification\",\"valueRequired\":true,\"valueName\":\"search_term_string\"}}],\"inLanguage\":\"fr-FR\"},{\"@type\":\"Organization\",\"@id\":\"https:\/\/www.talencia.be\/fr\/#organization\",\"name\":\"Talencia consulting\",\"url\":\"https:\/\/www.talencia.be\/fr\/\",\"logo\":{\"@type\":\"ImageObject\",\"inLanguage\":\"fr-FR\",\"@id\":\"https:\/\/www.talencia.be\/fr\/#\/schema\/logo\/image\/\",\"url\":\"https:\/\/www.talencia.be\/wp-content\/uploads\/2017\/12\/talencia-logo.png\",\"contentUrl\":\"https:\/\/www.talencia.be\/wp-content\/uploads\/2017\/12\/talencia-logo.png\",\"width\":245,\"height\":70,\"caption\":\"Talencia consulting\"},\"image\":{\"@id\":\"https:\/\/www.talencia.be\/fr\/#\/schema\/logo\/image\/\"}}]}<\/script>\n<!-- \/ Yoast SEO plugin. -->","yoast_head_json":{"title":"Sitemap - Talencia consulting","robots":{"index":"index","follow":"follow","max-snippet":"max-snippet:-1","max-image-preview":"max-image-preview:large","max-video-preview":"max-video-preview:-1"},"canonical":"https:\/\/www.talencia.be\/fr\/sitemap\/","og_locale":"fr_FR","og_type":"article","og_title":"Sitemap - Talencia consulting","og_url":"https:\/\/www.talencia.be\/fr\/sitemap\/","og_site_name":"Talencia consulting","article_modified_time":"2022-05-18T09:35:26+00:00","twitter_card":"summary_large_image","schema":{"@context":"https:\/\/schema.org","@graph":[{"@type":"WebPage","@id":"https:\/\/www.talencia.be\/fr\/sitemap\/","url":"https:\/\/www.talencia.be\/fr\/sitemap\/","name":"Sitemap - Talencia consulting","isPartOf":{"@id":"https:\/\/www.talencia.be\/fr\/#website"},"datePublished":"2022-05-18T09:34:40+00:00","dateModified":"2022-05-18T09:35:26+00:00","breadcrumb":{"@id":"https:\/\/www.talencia.be\/fr\/sitemap\/#breadcrumb"},"inLanguage":"fr-FR","potentialAction":[{"@type":"ReadAction","target":["https:\/\/www.talencia.be\/fr\/sitemap\/"]}]},{"@type":"BreadcrumbList","@id":"https:\/\/www.talencia.be\/fr\/sitemap\/#breadcrumb","itemListElement":[{"@type":"ListItem","position":1,"name":"Home","item":"https:\/\/www.talencia.be\/fr\/"},{"@type":"ListItem","position":2,"name":"Sitemap"}]},{"@type":"WebSite","@id":"https:\/\/www.talencia.be\/fr\/#website","url":"https:\/\/www.talencia.be\/fr\/","name":"Talencia consulting","description":"IT Recruitment specialists","publisher":{"@id":"https:\/\/www.talencia.be\/fr\/#organization"},"potentialAction":[{"@type":"SearchAction","target":{"@type":"EntryPoint","urlTemplate":"https:\/\/www.talencia.be\/fr\/?s={search_term_string}"},"query-input":{"@type":"PropertyValueSpecification","valueRequired":true,"valueName":"search_term_string"}}],"inLanguage":"fr-FR"},{"@type":"Organization","@id":"https:\/\/www.talencia.be\/fr\/#organization","name":"Talencia consulting","url":"https:\/\/www.talencia.be\/fr\/","logo":{"@type":"ImageObject","inLanguage":"fr-FR","@id":"https:\/\/www.talencia.be\/fr\/#\/schema\/logo\/image\/","url":"https:\/\/www.talencia.be\/wp-content\/uploads\/2017\/12\/talencia-logo.png","contentUrl":"https:\/\/www.talencia.be\/wp-content\/uploads\/2017\/12\/talencia-logo.png","width":245,"height":70,"caption":"Talencia consulting"},"image":{"@id":"https:\/\/www.talencia.be\/fr\/#\/schema\/logo\/image\/"}}]}},"_links":{"self":[{"href":"https:\/\/www.talencia.be\/fr\/wp-json\/wp\/v2\/pages\/5425","targetHints":{"allow":["GET"]}}],"collection":[{"href":"https:\/\/www.talencia.be\/fr\/wp-json\/wp\/v2\/pages"}],"about":[{"href":"https:\/\/www.talencia.be\/fr\/wp-json\/wp\/v2\/types\/page"}],"author":[{"embeddable":true,"href":"https:\/\/www.talencia.be\/fr\/wp-json\/wp\/v2\/users\/4"}],"replies":[{"embeddable":true,"href":"https:\/\/www.talencia.be\/fr\/wp-json\/wp\/v2\/comments?post=5425"}],"version-history":[{"count":2,"href":"https:\/\/www.talencia.be\/fr\/wp-json\/wp\/v2\/pages\/5425\/revisions"}],"predecessor-version":[{"id":5427,"href":"https:\/\/www.talencia.be\/fr\/wp-json\/wp\/v2\/pages\/5425\/revisions\/5427"}],"wp:attachment":[{"href":"https:\/\/www.talencia.be\/fr\/wp-json\/wp\/v2\/media?parent=5425"}],"curies":[{"name":"wp","href":"https:\/\/api.w.org\/{rel}","templated":true}]}}