{"id":5429,"date":"2022-05-18T11:34:40","date_gmt":"2022-05-18T09:34:40","guid":{"rendered":"https:\/\/www.talencia.be\/sitemap\/"},"modified":"2022-05-18T11:36:00","modified_gmt":"2022-05-18T09:36:00","slug":"sitemap","status":"publish","type":"page","link":"https:\/\/www.talencia.be\/nl\/sitemap\/","title":{"rendered":"Sitemap"},"content":{"rendered":"<div class=\"wsp-container\"><h2 class=\"wsp-pages-title\">Pagina&#039;s<\/h2>\n<ul class=\"wsp-pages-list\">\n<li class=\"page_item page-item-3767\"><a href=\"https:\/\/www.talencia.be\/nl\/alle-jobs\/\">Alle Jobs<\/a><\/li>\n<li class=\"page_item page-item-3686\"><a href=\"https:\/\/www.talencia.be\/nl\/contact\/\">Contact<\/a><\/li>\n<li class=\"page_item page-item-3635\"><a href=\"https:\/\/www.talencia.be\/nl\/\">Home<\/a><\/li>\n<li class=\"page_item page-item-3674 page_item_has_children\"><a href=\"https:\/\/www.talencia.be\/nl\/klant\/\">Klant<\/a>\n<ul class='children'>\n\t<li class=\"page_item page-item-3725\"><a href=\"https:\/\/www.talencia.be\/nl\/klant\/contract-oplossing\/\">Contract Oplossing<\/a><\/li>\n\t<li class=\"page_item page-item-3729\"><a href=\"https:\/\/www.talencia.be\/nl\/klant\/permanente-oplossing\/\">Permanente Oplossing<\/a><\/li>\n\t<li class=\"page_item page-item-3734\"><a href=\"https:\/\/www.talencia.be\/nl\/klant\/tijdelijke-tot-permanente-oplossing\/\">Tijdelijke tot Permanente Oplossing<\/a><\/li>\n<\/ul>\n<\/li>\n<li class=\"page_item page-item-3668\"><a href=\"https:\/\/www.talencia.be\/nl\/over-ons\/\">Over ons<\/a><\/li>\n<li class=\"page_item page-item-5429\"><a href=\"https:\/\/www.talencia.be\/nl\/sitemap\/\">Sitemap<\/a><\/li>\n<li class=\"page_item page-item-3682\"><a href=\"https:\/\/www.talencia.be\/nl\/stuur-ons-uw-cv\/\">Stuur ons uw CV<\/a><\/li>\n<li class=\"page_item page-item-3678\"><a href=\"https:\/\/www.talencia.be\/nl\/talent\/\">Talent<\/a><\/li>\n<\/ul>\n<h2 class=\"wsp-staffs-title\">Personeel<\/h2>\n<ul class=\"wsp-staffs-list\">\n<li><a href=\"https:\/\/www.talencia.be\/nl\/staff-member\/nouhaila-ouziatine\/\">Nouhaila Ouziatine<\/a><\/li>\n<li><a href=\"https:\/\/www.talencia.be\/nl\/staff-member\/aya-khoumri\/\">Aya Khoumri<\/a><\/li>\n<li><a href=\"https:\/\/www.talencia.be\/nl\/staff-member\/alexandre-prospero\/\">Alexandre Prospero<\/a><\/li>\n<li><a href=\"https:\/\/www.talencia.be\/nl\/staff-member\/douglas-dam\/\">Douglas Dams<\/a><\/li>\n<li><a href=\"https:\/\/www.talencia.be\/nl\/staff-member\/nissirne-dorhmi\/\">Nissirne Dorhmi<\/a><\/li>\n<li><a href=\"https:\/\/www.talencia.be\/nl\/staff-member\/bavo-verhelpen\/\">Bavo Verhelpen<\/a><\/li>\n<li><a href=\"https:\/\/www.talencia.be\/nl\/staff-member\/mohamed-etalli\/\">Mohamed Etalli<\/a><\/li>\n<li><a href=\"https:\/\/www.talencia.be\/nl\/staff-member\/nicolas-dognies\/\">Nicolas Dognies<\/a><\/li>\n<li><a href=\"https:\/\/www.talencia.be\/nl\/staff-member\/youssra-chahdi\/\">Youssra Chahdi<\/a><\/li>\n<li><a href=\"https:\/\/www.talencia.be\/nl\/staff-member\/heloise-de-radigues\/\">H\u00e9lo\u00efse de Radigu\u00e8s<\/a><\/li>\n<li><a href=\"https:\/\/www.talencia.be\/nl\/staff-member\/jean-baptiste-de-beys\/\">Jean-Baptiste De Beys<\/a><\/li>\n<li><a href=\"https:\/\/www.talencia.be\/nl\/staff-member\/ilias-bellahsini\/\">Ilias Bellahsini<\/a><\/li>\n<li><a href=\"https:\/\/www.talencia.be\/nl\/staff-member\/romain-marliere\/\">Romain Marli\u00e8re<\/a><\/li>\n<li><a href=\"https:\/\/www.talencia.be\/nl\/staff-member\/marieke-tailly\/\">Marieke Tailly<\/a><\/li>\n<li><a href=\"https:\/\/www.talencia.be\/nl\/staff-member\/anna-jevtic\/\">Anna Jevtic<\/a><\/li>\n<li><a href=\"https:\/\/www.talencia.be\/nl\/staff-member\/mathieu-sculier\/\">Mathieu Sculier<\/a><\/li>\n<li><a href=\"https:\/\/www.talencia.be\/nl\/staff-member\/kenn-vander-eijcken\/\">Kenn Vander Eijcken<\/a><\/li>\n<li><a href=\"https:\/\/www.talencia.be\/nl\/staff-member\/allan-galtier\/\">Allan Galtier<\/a><\/li>\n<li><a href=\"https:\/\/www.talencia.be\/nl\/staff-member\/ilyesse-maouan\/\">Ilyesse Maouan<\/a><\/li>\n<\/ul>\n<h2 class=\"wsp-testimonialss-title\">Beoordelingen<\/h2>\n<ul class=\"wsp-testimonialss-list\">\n<li><a href=\"https:\/\/www.talencia.be\/nl\/testimonials\/testimonial-7\/\">Christophe S<\/a><\/li>\n<li><a href=\"https:\/\/www.talencia.be\/nl\/testimonials\/testimonial-8\/\">Olivier M<\/a><\/li>\n<li><a href=\"https:\/\/www.talencia.be\/nl\/testimonials\/testimonial-5\/\">Christophe S<\/a><\/li>\n<li><a href=\"https:\/\/www.talencia.be\/nl\/testimonials\/testimonial-9\/\">J-Luc De<\/a><\/li>\n<li><a href=\"https:\/\/www.talencia.be\/nl\/testimonials\/testimonial-4\/\">Olivier M<\/a><\/li>\n<li><a href=\"https:\/\/www.talencia.be\/nl\/testimonials\/testimonial-3\/\">Ivo H<\/a><\/li>\n<li><a href=\"https:\/\/www.talencia.be\/nl\/testimonials\/testimonial-6\/\">Mahery R<\/a><\/li>\n<li><a href=\"https:\/\/www.talencia.be\/nl\/testimonials\/testimonial-1\/\">Pascal V<\/a><\/li>\n<\/ul>\n<h2 class=\"wsp-jobposts-title\">Taken<\/h2>\n<ul class=\"wsp-jobposts-list\">\n<li><a href=\"https:\/\/www.talencia.be\/nl\/jobs\/recruitment-consultant-3\/\">Recruitment Consultant<\/a><\/li>\n<li><a href=\"https:\/\/www.talencia.be\/nl\/jobs\/senior-business-controller-growing-digital-company\/\">Senior Business Controller \u2013 Growing Digital Company<\/a><\/li>\n<li><a href=\"https:\/\/www.talencia.be\/nl\/jobs\/financial-controller-famous-financial-service-provider\/\">FINANCIAL CONTROLLER \u2013 Famous Financial Service Provider<\/a><\/li>\n<li><a href=\"https:\/\/www.talencia.be\/nl\/jobs\/controleur-de-gestion-dynamic-healthcare-firm\/\">CONTROLEUR DE GESTION \u2013 Dynamic Healthcare Firm<\/a><\/li>\n<li><a href=\"https:\/\/www.talencia.be\/nl\/jobs\/business-controller-renown-event-company\/\">BUSINESS CONTROLLER \u2013 RENOWN EVENT COMPANY<\/a><\/li>\n<li><a href=\"https:\/\/www.talencia.be\/nl\/jobs\/finance-manager-innovative-it-company\/\">FINANCE MANAGER \u2013 Innovative IT Company<\/a><\/li>\n<li><a href=\"https:\/\/www.talencia.be\/nl\/jobs\/business-controller-multi-technical-leader\/\">BUSINESS CONTROLLER \u2013 Multi-technical Leader<\/a><\/li>\n<li><a href=\"https:\/\/www.talencia.be\/nl\/jobs\/recruitment-consultant-2\/\">Recruitment Consultant<\/a><\/li>\n<li><a href=\"https:\/\/www.talencia.be\/nl\/jobs\/system-engineer-devops-linux\/\">System Engineer Devops\/Linux<\/a><\/li>\n<li><a href=\"https:\/\/www.talencia.be\/nl\/jobs\/helpdesk-l2\/\">Helpdesk L2<\/a><\/li>\n<li><a href=\"https:\/\/www.talencia.be\/nl\/jobs\/test-engineer-embedded-and-mobile-software\/\">Test Engineer embedded and mobile Software<\/a><\/li>\n<li><a href=\"https:\/\/www.talencia.be\/nl\/jobs\/it-security-architect\/\">IT Security Architect<\/a><\/li>\n<li><a href=\"https:\/\/www.talencia.be\/nl\/jobs\/senior-service-desk-agent\/\">Senior Service Desk Agent<\/a><\/li>\n<li><a href=\"https:\/\/www.talencia.be\/nl\/jobs\/junior-java-developer-2\/\">Junior Java Developer<\/a><\/li>\n<li><a href=\"https:\/\/www.talencia.be\/nl\/jobs\/senior-java-fullstack-developer\/\">Senior Java Fullstack Developer<\/a><\/li>\n<li><a href=\"https:\/\/www.talencia.be\/nl\/jobs\/senior-system-engineer-on-linux\/\">Senior System Engineer on Linux<\/a><\/li>\n<li><a href=\"https:\/\/www.talencia.be\/nl\/jobs\/it-access-management-officer\/\">IT Access Management Officer<\/a><\/li>\n<li><a href=\"https:\/\/www.talencia.be\/nl\/jobs\/functional-team-lead-service-desk\/\">Functional Team Lead Service Desk<\/a><\/li>\n<li><a href=\"https:\/\/www.talencia.be\/nl\/jobs\/senior-java-developer-3\/\">Senior Java Developer<\/a><\/li>\n<li><a href=\"https:\/\/www.talencia.be\/nl\/jobs\/agile-coach\/\">Agile Coach<\/a><\/li>\n<li><a href=\"https:\/\/www.talencia.be\/nl\/jobs\/developer-test-engineer\/\">Developer\/Test Engineer<\/a><\/li>\n<li><a href=\"https:\/\/www.talencia.be\/nl\/jobs\/network-engineer\/\">Network Engineer<\/a><\/li>\n<li><a href=\"https:\/\/www.talencia.be\/nl\/jobs\/system-integration-test-engineer\/\">System Integration Test Engineer<\/a><\/li>\n<li><a href=\"https:\/\/www.talencia.be\/nl\/jobs\/senior-angular-net-developer\/\">Senior Angular\/.NET Developer<\/a><\/li>\n<li><a href=\"https:\/\/www.talencia.be\/nl\/jobs\/senior-java-developer-2\/\">Senior Java Developer<\/a><\/li>\n<li><a href=\"https:\/\/www.talencia.be\/nl\/jobs\/senior-system-engineer\/\">Senior System Engineer<\/a><\/li>\n<li><a href=\"https:\/\/www.talencia.be\/nl\/jobs\/recruitment-consultant\/\">Recruitment Consultant<\/a><\/li>\n<li><a href=\"https:\/\/www.talencia.be\/nl\/jobs\/senior-net-back-end-or-fullstack-developer\/\">Senior .NET Back-End or Fullstack Developer<\/a><\/li>\n<li><a href=\"https:\/\/www.talencia.be\/nl\/jobs\/net-front-end-developer\/\">.NET Front-End Developer<\/a><\/li>\n<li><a href=\"https:\/\/www.talencia.be\/nl\/jobs\/capacity-manager\/\">Capacity Manager<\/a><\/li>\n<li><a href=\"https:\/\/www.talencia.be\/nl\/jobs\/devops-engineer\/\">DevOps Engineer<\/a><\/li>\n<li><a href=\"https:\/\/www.talencia.be\/nl\/jobs\/project-manager\/\">Project Manager<\/a><\/li>\n<li><a href=\"https:\/\/www.talencia.be\/nl\/jobs\/enterprise-architect-2\/\">Enterprise Architect<\/a><\/li>\n<li><a href=\"https:\/\/www.talencia.be\/nl\/jobs\/net-software-engineer\/\">.NET Software Engineer<\/a><\/li>\n<li><a href=\"https:\/\/www.talencia.be\/nl\/jobs\/junior-business-solution-consultant\/\">Junior Business Solution Consultant<\/a><\/li>\n<li><a href=\"https:\/\/www.talencia.be\/nl\/jobs\/business-intelligence-analyst\/\">Business Intelligence Analyst<\/a><\/li>\n<li><a href=\"https:\/\/www.talencia.be\/nl\/jobs\/cloud-engineer\/\">Cloud Engineer<\/a><\/li>\n<li><a href=\"https:\/\/www.talencia.be\/nl\/jobs\/cloud-data-engineer\/\">Cloud data engineer<\/a><\/li>\n<li><a href=\"https:\/\/www.talencia.be\/nl\/jobs\/specialist-m365\/\">Specialist M365<\/a><\/li>\n<li><a href=\"https:\/\/www.talencia.be\/nl\/jobs\/technical-project-manager\/\">Technical Project Manager<\/a><\/li>\n<li><a href=\"https:\/\/www.talencia.be\/nl\/jobs\/support-engineer-3\/\">Support Engineer<\/a><\/li>\n<li><a href=\"https:\/\/www.talencia.be\/nl\/jobs\/java-software-engineer\/\">Java software engineer<\/a><\/li>\n<li><a href=\"https:\/\/www.talencia.be\/nl\/jobs\/c-software-developer\/\">C++ software developer<\/a><\/li>\n<li><a href=\"https:\/\/www.talencia.be\/nl\/jobs\/salesforce-analyst-developer\/\">Salesforce Analyst Developer<\/a><\/li>\n<li><a href=\"https:\/\/www.talencia.be\/nl\/jobs\/functional-analyst-mainframe\/\">Functional analyst Mainframe<\/a><\/li>\n<li><a href=\"https:\/\/www.talencia.be\/nl\/jobs\/business-solution-consultant\/\">Business Solution Consultant<\/a><\/li>\n<li><a href=\"https:\/\/www.talencia.be\/nl\/jobs\/functional-analyst\/\">Functional analyst<\/a><\/li>\n<li><a href=\"https:\/\/www.talencia.be\/nl\/jobs\/system-administrator-engineer\/\">System Administrator\/Engineer<\/a><\/li>\n<li><a href=\"https:\/\/www.talencia.be\/nl\/jobs\/business-analyst-2\/\">Business Analyst<\/a><\/li>\n<li><a href=\"https:\/\/www.talencia.be\/nl\/jobs\/php-developer\/\">PHP Developer<\/a><\/li>\n<li><a href=\"https:\/\/www.talencia.be\/nl\/jobs\/software-tester\/\">Software Tester<\/a><\/li>\n<li><a href=\"https:\/\/www.talencia.be\/nl\/jobs\/mainframe-cobol-pl-1-analyst-developer\/\">Mainframe Cobol PL\/1 analyst\/developer<\/a><\/li>\n<li><a href=\"https:\/\/www.talencia.be\/nl\/jobs\/office-manager-fr-eng\/\">Office Manager FR -ENG<\/a><\/li>\n<li><a href=\"https:\/\/www.talencia.be\/nl\/jobs\/data-architect\/\">Data Architect<\/a><\/li>\n<li><a href=\"https:\/\/www.talencia.be\/nl\/jobs\/android-developer-2\/\">Android developer<\/a><\/li>\n<li><a href=\"https:\/\/www.talencia.be\/nl\/jobs\/php-and-javascript-developer\/\">PHP and JavaScript developer<\/a><\/li>\n<li><a href=\"https:\/\/www.talencia.be\/nl\/jobs\/system-engineer-system-admninistrator\/\">System Engineer \/ System Admninistrator<\/a><\/li>\n<li><a href=\"https:\/\/www.talencia.be\/nl\/jobs\/enterprise-architect\/\">Enterprise Architect<\/a><\/li>\n<li><a href=\"https:\/\/www.talencia.be\/nl\/jobs\/it-support-regional-manager\/\">IT Support Regional Manager<\/a><\/li>\n<li><a href=\"https:\/\/www.talencia.be\/nl\/jobs\/it-support-coach-for-mac-user\/\">IT Support Coach for Mac User<\/a><\/li>\n<li><a href=\"https:\/\/www.talencia.be\/nl\/jobs\/product-owner-product-developer\/\">Product Owner - Product Developer<\/a><\/li>\n<li><a href=\"https:\/\/www.talencia.be\/nl\/jobs\/automation-engineer\/\">Automation Engineer<\/a><\/li>\n<li><a href=\"https:\/\/www.talencia.be\/nl\/jobs\/radio-access-network-expert\/\">Radio Access Network Expert<\/a><\/li>\n<li><a href=\"https:\/\/www.talencia.be\/nl\/jobs\/service-desk-agent\/\">Service Desk Agent<\/a><\/li>\n<li><a href=\"https:\/\/www.talencia.be\/nl\/jobs\/product-owner-product-development\/\">Product Owner - Product Development<\/a><\/li>\n<li><a href=\"https:\/\/www.talencia.be\/nl\/jobs\/senior-2-3-line-support-engineer\/\">Senior 2\/3 Line Support Engineer<\/a><\/li>\n<li><a href=\"https:\/\/www.talencia.be\/nl\/jobs\/system-administrator-access-management-officer\/\">System Administrator\/Access Management Officer<\/a><\/li>\n<li><a href=\"https:\/\/www.talencia.be\/nl\/jobs\/1st-and-2nd-line-support-engineer\/\">1st and 2nd line Support Engineer<\/a><\/li>\n<li><a href=\"https:\/\/www.talencia.be\/nl\/jobs\/full-stack-iot-developer\/\">Full-Stack IOT Developer<\/a><\/li>\n<li><a href=\"https:\/\/www.talencia.be\/nl\/jobs\/system-engineer\/\">System Engineer<\/a><\/li>\n<li><a href=\"https:\/\/www.talencia.be\/nl\/jobs\/android-developer\/\">Android Developer<\/a><\/li>\n<li><a href=\"https:\/\/www.talencia.be\/nl\/jobs\/edi-specialist\/\">EDI Specialist<\/a><\/li>\n<li><a href=\"https:\/\/www.talencia.be\/nl\/jobs\/python-developer\/\">Python developer<\/a><\/li>\n<li><a href=\"https:\/\/www.talencia.be\/nl\/jobs\/test-engineer\/\">Test Engineer<\/a><\/li>\n<li><a href=\"https:\/\/www.talencia.be\/nl\/jobs\/business-analyst\/\">Business Analyst<\/a><\/li>\n<li><a href=\"https:\/\/www.talencia.be\/nl\/jobs\/project-manager-ad-migration\/\">Project Manager AD Migration<\/a><\/li>\n<li><a href=\"https:\/\/www.talencia.be\/nl\/jobs\/second-line-support-engineer\/\">Second line support engineer<\/a><\/li>\n<li><a href=\"https:\/\/www.talencia.be\/nl\/jobs\/program-manager\/\">Program Manager<\/a><\/li>\n<li><a href=\"https:\/\/www.talencia.be\/nl\/jobs\/web-developer\/\">Web Developer<\/a><\/li>\n<li><a href=\"https:\/\/www.talencia.be\/nl\/jobs\/solution-architect\/\">Solution Architect<\/a><\/li>\n<li><a href=\"https:\/\/www.talencia.be\/nl\/jobs\/telecom-support-engineer\/\">Telecom Support Engineer<\/a><\/li>\n<li><a href=\"https:\/\/www.talencia.be\/nl\/jobs\/java-developer-2\/\">Java Developer<\/a><\/li>\n<li><a href=\"https:\/\/www.talencia.be\/nl\/jobs\/coach-net-developer\/\">Coach .Net Developer<\/a><\/li>\n<li><a href=\"https:\/\/www.talencia.be\/nl\/jobs\/solution-middleware-architect\/\">Solution &amp; Middleware Architect<\/a><\/li>\n<li><a href=\"https:\/\/www.talencia.be\/nl\/jobs\/support-engineer-2\/\">Support Engineer<\/a><\/li>\n<li><a href=\"https:\/\/www.talencia.be\/nl\/jobs\/support-network-engineer\/\">Support Network Engineer<\/a><\/li>\n<li><a href=\"https:\/\/www.talencia.be\/nl\/jobs\/bi-developer\/\">BI developer<\/a><\/li>\n<li><a href=\"https:\/\/www.talencia.be\/nl\/jobs\/frontend-developer\/\">Frontend Developer<\/a><\/li>\n<li><a href=\"https:\/\/www.talencia.be\/nl\/jobs\/senior-java-developer\/\">Senior Java Developer<\/a><\/li>\n<li><a href=\"https:\/\/www.talencia.be\/nl\/jobs\/support-engineer\/\">Support Engineer<\/a><\/li>\n<li><a href=\"https:\/\/www.talencia.be\/nl\/jobs\/junior-it-helpdesk\/\">Junior IT Helpdesk<\/a><\/li>\n<li><a href=\"https:\/\/www.talencia.be\/nl\/jobs\/net-developer-3\/\">.Net Developer<\/a><\/li>\n<li><a href=\"https:\/\/www.talencia.be\/nl\/jobs\/api-back-end-developer\/\">API &amp; Back-End Developer<\/a><\/li>\n<li><a href=\"https:\/\/www.talencia.be\/nl\/jobs\/functional-analyst-2\/\">Functional Analyst<\/a><\/li>\n<li><a href=\"https:\/\/www.talencia.be\/nl\/jobs\/medium-infrastructure-project-manager\/\">Medium Infrastructure Project Manager<\/a><\/li>\n<li><a href=\"https:\/\/www.talencia.be\/nl\/jobs\/java-developer\/\">Java Developer<\/a><\/li>\n<li><a href=\"https:\/\/www.talencia.be\/nl\/jobs\/net-developer-2-2\/\">.Net Developer<\/a><\/li>\n<li><a href=\"https:\/\/www.talencia.be\/nl\/jobs\/net-developer\/\">.Net Developer<\/a><\/li>\n<li><a href=\"https:\/\/www.talencia.be\/nl\/jobs\/junior-java-developer\/\">Junior Java Developer<\/a><\/li>\n<li><a href=\"https:\/\/www.talencia.be\/nl\/jobs\/net_developer_3\/\">.Net Developer<\/a><\/li>\n<li><a href=\"https:\/\/www.talencia.be\/nl\/jobs\/net-developer-2\/\">.Net Developer<\/a><\/li>\n<li><a href=\"https:\/\/www.talencia.be\/nl\/jobs\/business-solutino-consultant\/\">Talencia Consulting - Business Solution Consultant<\/a><\/li>\n<li><a href=\"https:\/\/www.talencia.be\/nl\/jobs\/network-architect\/\">Network Architect<\/a><\/li>\n<\/ul>\n<h2 class=\"wsp-staff_categorys-title\">Personeel Categorie\u00ebn<\/h2>\n<ul class=\"wsp-staff_categorys-list\">\n<li><a href=\"https:\/\/www.talencia.be\/nl\/staff-category\/executive\/\">Executive<\/a><\/li>\n<\/ul>\n<h2 class=\"wsp-jobpost_categorys-title\">Vacature categorie\u00ebn<\/h2>\n<ul class=\"wsp-jobpost_categorys-list\">\n<li><a href=\"https:\/\/www.talencia.be\/nl\/job-category\/sales-nl\/account-manager-nl\/\">Account Manager<\/a><\/li>\n<li><a href=\"https:\/\/www.talencia.be\/nl\/job-category\/administration-nl\/\">Administration<\/a><\/li>\n<li><a href=\"https:\/\/www.talencia.be\/nl\/job-category\/finance-nl\/\">Financi\u00ebn<\/a><\/li>\n<li><a href=\"https:\/\/www.talencia.be\/nl\/job-category\/i-t-nl\/\">I.T.<\/a><\/li>\n<li><a href=\"https:\/\/www.talencia.be\/nl\/job-category\/project-management-nl\/\">Project Manager<\/a><\/li>\n<li><a href=\"https:\/\/www.talencia.be\/nl\/job-category\/sales-nl\/recruiter-nl\/\">Recruiter<\/a><\/li>\n<li><a href=\"https:\/\/www.talencia.be\/nl\/job-category\/sales-nl\/\">Sales<\/a><\/li>\n<\/ul>\n<h2 class=\"wsp-jobpost_job_types-title\">Vacature types<\/h2>\n<ul class=\"wsp-jobpost_job_types-list\">\n<li><a href=\"https:\/\/www.talencia.be\/nl\/job-type\/contract-nl\/\">Contract<\/a><\/li>\n<li><a href=\"https:\/\/www.talencia.be\/nl\/job-type\/permanent-nl\/\">Permanent<\/a><\/li>\n<li><a href=\"https:\/\/www.talencia.be\/nl\/job-type\/temp-to-permanent-nl\/\">Temp to Permanent<\/a><\/li>\n<\/ul>\n<h2 class=\"wsp-jobpost_locations-title\">Locaties van de vacature<\/h2>\n<ul class=\"wsp-jobpost_locations-list\">\n<li><a href=\"https:\/\/www.talencia.be\/nl\/job-location\/abroad-nl\/\">Abroad<\/a><\/li>\n<li><a href=\"https:\/\/www.talencia.be\/nl\/job-location\/antwerpen-2\/\">Antwerpen<\/a><\/li>\n<li><a href=\"https:\/\/www.talencia.be\/nl\/job-location\/brussels-nl\/\">Brussel<\/a><\/li>\n<li><a href=\"https:\/\/www.talencia.be\/nl\/job-location\/flemish-region-nl\/\">Flemish Region<\/a><\/li>\n<li><a href=\"https:\/\/www.talencia.be\/nl\/job-location\/hainaut-nl\/\">Henegouwen<\/a><\/li>\n<li><a href=\"https:\/\/www.talencia.be\/nl\/job-location\/liege-nl\/\">Luik<\/a><\/li>\n<li><a href=\"https:\/\/www.talencia.be\/nl\/job-location\/namur-nl\/\">Namen<\/a><\/li>\n<li><a href=\"https:\/\/www.talencia.be\/nl\/job-location\/vlaams-brabant\/\">Vlaams-Brabant<\/a><\/li>\n<li><a href=\"https:\/\/www.talencia.be\/nl\/job-location\/waals-brabant\/\">Waals-Brabant<\/a><\/li>\n<li><a href=\"https:\/\/www.talencia.be\/nl\/job-location\/walloon-region-nl\/\">Walloon Region<\/a><\/li>\n<\/ul>\n<\/div>\n","protected":false},"excerpt":{"rendered":"Pagina&#039;s Alle Jobs Contact Home Klant Contract Oplossing Permanente Oplossing Tijdelijke tot Permanente Oplossing Over ons Sitemap Stuur ons uw CV Talent Personeel Nouhaila Ouziatine Aya Khoumri Alexandre Prospero Douglas Dams Nissirne Dorhmi Bavo Verhelpen Mohamed Etalli Nicolas Dognies Youssra&hellip;","protected":false},"author":4,"featured_media":0,"parent":0,"menu_order":0,"comment_status":"closed","ping_status":"closed","template":"","meta":{"footnotes":""},"class_list":["post-5429","page","type-page","status-publish","hentry","entry","no-media"],"yoast_head":"<!-- This site is optimized with the Yoast SEO plugin v26.5 - https:\/\/yoast.com\/wordpress\/plugins\/seo\/ -->\n<title>Sitemap - Talencia consulting<\/title>\n<meta name=\"robots\" content=\"index, follow, max-snippet:-1, max-image-preview:large, max-video-preview:-1\" \/>\n<link rel=\"canonical\" href=\"https:\/\/www.talencia.be\/nl\/sitemap\/\" \/>\n<meta property=\"og:locale\" content=\"nl_NL\" \/>\n<meta property=\"og:type\" content=\"article\" \/>\n<meta property=\"og:title\" content=\"Sitemap - Talencia consulting\" \/>\n<meta property=\"og:url\" content=\"https:\/\/www.talencia.be\/nl\/sitemap\/\" \/>\n<meta property=\"og:site_name\" content=\"Talencia consulting\" \/>\n<meta property=\"article:modified_time\" content=\"2022-05-18T09:36:00+00:00\" \/>\n<meta name=\"twitter:card\" content=\"summary_large_image\" \/>\n<script type=\"application\/ld+json\" class=\"yoast-schema-graph\">{\"@context\":\"https:\/\/schema.org\",\"@graph\":[{\"@type\":\"WebPage\",\"@id\":\"https:\/\/www.talencia.be\/nl\/sitemap\/\",\"url\":\"https:\/\/www.talencia.be\/nl\/sitemap\/\",\"name\":\"Sitemap - Talencia consulting\",\"isPartOf\":{\"@id\":\"https:\/\/www.talencia.be\/nl\/#website\"},\"datePublished\":\"2022-05-18T09:34:40+00:00\",\"dateModified\":\"2022-05-18T09:36:00+00:00\",\"breadcrumb\":{\"@id\":\"https:\/\/www.talencia.be\/nl\/sitemap\/#breadcrumb\"},\"inLanguage\":\"nl-NL\",\"potentialAction\":[{\"@type\":\"ReadAction\",\"target\":[\"https:\/\/www.talencia.be\/nl\/sitemap\/\"]}]},{\"@type\":\"BreadcrumbList\",\"@id\":\"https:\/\/www.talencia.be\/nl\/sitemap\/#breadcrumb\",\"itemListElement\":[{\"@type\":\"ListItem\",\"position\":1,\"name\":\"Home\",\"item\":\"https:\/\/www.talencia.be\/nl\/\"},{\"@type\":\"ListItem\",\"position\":2,\"name\":\"Sitemap\"}]},{\"@type\":\"WebSite\",\"@id\":\"https:\/\/www.talencia.be\/nl\/#website\",\"url\":\"https:\/\/www.talencia.be\/nl\/\",\"name\":\"Talencia consulting\",\"description\":\"IT Recruitment specialists\",\"publisher\":{\"@id\":\"https:\/\/www.talencia.be\/nl\/#organization\"},\"potentialAction\":[{\"@type\":\"SearchAction\",\"target\":{\"@type\":\"EntryPoint\",\"urlTemplate\":\"https:\/\/www.talencia.be\/nl\/?s={search_term_string}\"},\"query-input\":{\"@type\":\"PropertyValueSpecification\",\"valueRequired\":true,\"valueName\":\"search_term_string\"}}],\"inLanguage\":\"nl-NL\"},{\"@type\":\"Organization\",\"@id\":\"https:\/\/www.talencia.be\/nl\/#organization\",\"name\":\"Talencia consulting\",\"url\":\"https:\/\/www.talencia.be\/nl\/\",\"logo\":{\"@type\":\"ImageObject\",\"inLanguage\":\"nl-NL\",\"@id\":\"https:\/\/www.talencia.be\/nl\/#\/schema\/logo\/image\/\",\"url\":\"https:\/\/www.talencia.be\/wp-content\/uploads\/2017\/12\/talencia-logo.png\",\"contentUrl\":\"https:\/\/www.talencia.be\/wp-content\/uploads\/2017\/12\/talencia-logo.png\",\"width\":245,\"height\":70,\"caption\":\"Talencia consulting\"},\"image\":{\"@id\":\"https:\/\/www.talencia.be\/nl\/#\/schema\/logo\/image\/\"}}]}<\/script>\n<!-- \/ Yoast SEO plugin. -->","yoast_head_json":{"title":"Sitemap - Talencia consulting","robots":{"index":"index","follow":"follow","max-snippet":"max-snippet:-1","max-image-preview":"max-image-preview:large","max-video-preview":"max-video-preview:-1"},"canonical":"https:\/\/www.talencia.be\/nl\/sitemap\/","og_locale":"nl_NL","og_type":"article","og_title":"Sitemap - Talencia consulting","og_url":"https:\/\/www.talencia.be\/nl\/sitemap\/","og_site_name":"Talencia consulting","article_modified_time":"2022-05-18T09:36:00+00:00","twitter_card":"summary_large_image","schema":{"@context":"https:\/\/schema.org","@graph":[{"@type":"WebPage","@id":"https:\/\/www.talencia.be\/nl\/sitemap\/","url":"https:\/\/www.talencia.be\/nl\/sitemap\/","name":"Sitemap - Talencia consulting","isPartOf":{"@id":"https:\/\/www.talencia.be\/nl\/#website"},"datePublished":"2022-05-18T09:34:40+00:00","dateModified":"2022-05-18T09:36:00+00:00","breadcrumb":{"@id":"https:\/\/www.talencia.be\/nl\/sitemap\/#breadcrumb"},"inLanguage":"nl-NL","potentialAction":[{"@type":"ReadAction","target":["https:\/\/www.talencia.be\/nl\/sitemap\/"]}]},{"@type":"BreadcrumbList","@id":"https:\/\/www.talencia.be\/nl\/sitemap\/#breadcrumb","itemListElement":[{"@type":"ListItem","position":1,"name":"Home","item":"https:\/\/www.talencia.be\/nl\/"},{"@type":"ListItem","position":2,"name":"Sitemap"}]},{"@type":"WebSite","@id":"https:\/\/www.talencia.be\/nl\/#website","url":"https:\/\/www.talencia.be\/nl\/","name":"Talencia consulting","description":"IT Recruitment specialists","publisher":{"@id":"https:\/\/www.talencia.be\/nl\/#organization"},"potentialAction":[{"@type":"SearchAction","target":{"@type":"EntryPoint","urlTemplate":"https:\/\/www.talencia.be\/nl\/?s={search_term_string}"},"query-input":{"@type":"PropertyValueSpecification","valueRequired":true,"valueName":"search_term_string"}}],"inLanguage":"nl-NL"},{"@type":"Organization","@id":"https:\/\/www.talencia.be\/nl\/#organization","name":"Talencia consulting","url":"https:\/\/www.talencia.be\/nl\/","logo":{"@type":"ImageObject","inLanguage":"nl-NL","@id":"https:\/\/www.talencia.be\/nl\/#\/schema\/logo\/image\/","url":"https:\/\/www.talencia.be\/wp-content\/uploads\/2017\/12\/talencia-logo.png","contentUrl":"https:\/\/www.talencia.be\/wp-content\/uploads\/2017\/12\/talencia-logo.png","width":245,"height":70,"caption":"Talencia consulting"},"image":{"@id":"https:\/\/www.talencia.be\/nl\/#\/schema\/logo\/image\/"}}]}},"_links":{"self":[{"href":"https:\/\/www.talencia.be\/nl\/wp-json\/wp\/v2\/pages\/5429","targetHints":{"allow":["GET"]}}],"collection":[{"href":"https:\/\/www.talencia.be\/nl\/wp-json\/wp\/v2\/pages"}],"about":[{"href":"https:\/\/www.talencia.be\/nl\/wp-json\/wp\/v2\/types\/page"}],"author":[{"embeddable":true,"href":"https:\/\/www.talencia.be\/nl\/wp-json\/wp\/v2\/users\/4"}],"replies":[{"embeddable":true,"href":"https:\/\/www.talencia.be\/nl\/wp-json\/wp\/v2\/comments?post=5429"}],"version-history":[{"count":1,"href":"https:\/\/www.talencia.be\/nl\/wp-json\/wp\/v2\/pages\/5429\/revisions"}],"predecessor-version":[{"id":5430,"href":"https:\/\/www.talencia.be\/nl\/wp-json\/wp\/v2\/pages\/5429\/revisions\/5430"}],"wp:attachment":[{"href":"https:\/\/www.talencia.be\/nl\/wp-json\/wp\/v2\/media?parent=5429"}],"curies":[{"name":"wp","href":"https:\/\/api.w.org\/{rel}","templated":true}]}}